{"id":2054,"date":"2020-09-16T18:39:14","date_gmt":"2020-09-16T16:39:14","guid":{"rendered":"http:\/\/dev.opes-solutions.com\/manufacturing\/"},"modified":"2024-02-09T17:07:42","modified_gmt":"2024-02-09T16:07:42","slug":"fertigung","status":"publish","type":"page","link":"https:\/\/www.opes-solutions.com\/de\/fertigung\/","title":{"rendered":"Fertigung"},"content":{"rendered":"<div id=\"pl-2054\"  class=\"panel-layout\" ><div id=\"pg-2054-0\"  class=\"panel-grid panel-has-style\" ><div class=\"siteorigin-panels-stretch panel-row-style panel-row-style-for-2054-0\" data-stretch-type=\"full\" ><div id=\"pgc-2054-0-0\"  class=\"panel-grid-cell\" ><div id=\"panel-2054-0-0-0\" class=\"so-panel widget_sow-editor panel-first-child panel-last-child\" data-index=\"0\" ><div\n\t\t\t\n\t\t\tclass=\"so-widget-sow-editor so-widget-sow-editor-base\"\n\t\t\t\n\t\t>\n<div class=\"siteorigin-widget-tinymce textwidget\">\n\t<h2 class=\"uk-h1\"><strong>HOchflexible<\/strong><br \/>\nAutomatisierung<\/h2>\n<p>Unsere patentierten Automatisierungsl\u00f6sungen erreichen einen hohen Durchsatz bei konstanter Qualit\u00e4t und bieten Flexibilit\u00e4t f\u00fcr unterschiedlichste Anforderungen.<\/p>\n<\/div>\n<\/div><\/div><\/div><div id=\"pgc-2054-0-1\"  class=\"panel-grid-cell\" ><div id=\"panel-2054-0-1-0\" class=\"so-panel widget_sow-image panel-first-child panel-last-child\" data-index=\"1\" ><div\n\t\t\t\n\t\t\tclass=\"so-widget-sow-image so-widget-sow-image-default-8b5b6f678277-2054\"\n\t\t\t\n\t\t>\n<div class=\"sow-image-container\">\n\t\t<img \n\tsrc=\"https:\/\/www.opes-solutions.com\/wp-content\/uploads\/2020\/10\/highly-flexible-automation.png\" width=\"1000\" height=\"864\" srcset=\"https:\/\/www.opes-solutions.com\/wp-content\/uploads\/2020\/10\/highly-flexible-automation.png 1000w, https:\/\/www.opes-solutions.com\/wp-content\/uploads\/2020\/10\/highly-flexible-automation-960x829.png 960w, https:\/\/www.opes-solutions.com\/wp-content\/uploads\/2020\/10\/highly-flexible-automation-768x664.png 768w, https:\/\/www.opes-solutions.com\/wp-content\/uploads\/2020\/10\/highly-flexible-automation-151x130.png 151w\" sizes=\"(max-width: 1000px) 100vw, 1000px\" alt=\"automated off-grid solar panel production\" \t\tclass=\"so-widget-image\"\/>\n\t<\/div>\n\n<\/div><\/div><\/div><\/div><\/div><div id=\"pg-2054-1\"  class=\"panel-grid panel-has-style\" ><div class=\"uk-background-muted uk-padding-large siteorigin-panels-stretch panel-row-style panel-row-style-for-2054-1\" data-stretch-type=\"full\" ><div id=\"pgc-2054-1-0\"  class=\"panel-grid-cell\" ><div id=\"panel-2054-1-0-0\" class=\"so-panel widget_sow-image panel-first-child panel-last-child\" data-index=\"2\" ><div\n\t\t\t\n\t\t\tclass=\"so-widget-sow-image so-widget-sow-image-default-c67d20f9f743-2054\"\n\t\t\t\n\t\t>\n<div class=\"sow-image-container\">\n\t\t<img \n\tsrc=\"https:\/\/www.opes-solutions.com\/wp-content\/uploads\/2022\/02\/experience.png\" width=\"400\" height=\"400\" srcset=\"https:\/\/www.opes-solutions.com\/wp-content\/uploads\/2022\/02\/experience.png 400w, https:\/\/www.opes-solutions.com\/wp-content\/uploads\/2022\/02\/experience-150x150.png 150w, https:\/\/www.opes-solutions.com\/wp-content\/uploads\/2022\/02\/experience-151x151.png 151w, https:\/\/www.opes-solutions.com\/wp-content\/uploads\/2022\/02\/experience-200x200.png 200w\" sizes=\"(max-width: 400px) 100vw, 400px\" alt=\"custom solar panels in production\" \t\tclass=\"so-widget-image\"\/>\n\t<\/div>\n\n<\/div><\/div><\/div><div id=\"pgc-2054-1-1\"  class=\"panel-grid-cell\" ><div id=\"panel-2054-1-1-0\" class=\"so-panel widget_sow-editor panel-first-child panel-last-child\" data-index=\"3\" ><div\n\t\t\t\n\t\t\tclass=\"so-widget-sow-editor so-widget-sow-editor-base\"\n\t\t\t\n\t\t>\n<div class=\"siteorigin-widget-tinymce textwidget\">\n\t<h2 class=\"uk-h1\"><strong>Umfangreiche\u00a0<\/strong><br \/>\nErfahrung<\/h2>\n<p>Seit 2012 spezialisieren wir uns auf kundenspezifische Solarmodule, da dieses Segment von der Solarbranche nicht gen\u00fcgend bedient wird. Wenn Massenprodukte netzunabh\u00e4ngig betrieben werden sollen, sind Standard-Solarmodule nicht geeignet. Mit einer Kapazit\u00e4t von bis zu einer Million ma\u00dfgefertigter Solarmodule pro Monat erm\u00f6glichen wir es Anwendungen unabh\u00e4ngig vom Stromnetz zu werden und sich selbst zu versorgen.<\/p>\n<\/div>\n<\/div><\/div><\/div><\/div><\/div><div id=\"pg-2054-2\"  class=\"panel-grid panel-has-style\" ><div class=\"siteorigin-panels-stretch panel-row-style panel-row-style-for-2054-2\" data-stretch-type=\"full\" ><div id=\"pgc-2054-2-0\"  class=\"panel-grid-cell\" ><div id=\"panel-2054-2-0-0\" class=\"so-panel widget_sow-editor panel-first-child panel-last-child\" data-index=\"4\" ><div\n\t\t\t\n\t\t\tclass=\"so-widget-sow-editor so-widget-sow-editor-base\"\n\t\t\t\n\t\t>\n<div class=\"siteorigin-widget-tinymce textwidget\">\n\t<h2 class=\"uk-h1\"><strong>Zertifizierte<br \/>\n<\/strong>Qualit\u00e4t<\/h2>\n<p>Unser Qualit\u00e4tssystem erf\u00fcllt die Anforderungen folgender Normen<\/p>\n<ul>\n<li><a href=\"https:\/\/www.opes-solutions.com\/wp-content\/uploads\/2024\/02\/DSS_PVC221243.pdf\" target=\"_blank\" rel=\"noopener noreferrer\"><u>IEC61215\/61730<\/u><\/a> f\u00fcr Off-Grid Solarmodule,<\/li>\n<li>ROHS und REACH,<\/li>\n<li><a href=\"https:\/\/www.opes-solutions.com\/wp-content\/uploads\/2022\/07\/ISO9001\u8d28\u91cf\u7ba1\u7406\u4f53\u7cfb\u8bc1\u4e662022-2025.pdf\" target=\"_blank\" rel=\"noopener noreferrer\"><u>ISO 9001<\/u><u><\/u><\/a>,<\/li>\n<li><a href=\"https:\/\/www.opes-solutions.com\/wp-content\/uploads\/2022\/07\/ISO14001\u73af\u5883\u7ba1\u7406\u4f53\u7cfb\u8bc1\u4e662022-2025.pdf\" target=\"_blank\" rel=\"noopener noreferrer\"><u>ISO 14001,<\/u><u><\/u><\/a><\/li>\n<li><a href=\"https:\/\/www.opes-solutions.com\/wp-content\/uploads\/2022\/07\/ISO45001\u804c\u4e1a\u5065\u5eb7\u5b89\u5168\u7ba1\u7406\u4f53\u7cfb\u8bc1\u4e662022-2025.pdf\" target=\"_blank\" rel=\"noopener noreferrer\"><u>ISO 45001<\/u><u><\/u><\/a><\/li>\n<li><a href=\"https:\/\/www.opes-solutions.com\/wp-content\/uploads\/2024\/01\/221209-SA8000-Certificate_OPES.pdf\" target=\"_blank\" rel=\"noopener noreferrer\"><u>SA8000<\/u><u><\/u><\/a><\/li>\n<\/ul>\n<p>Wir arbeiten mit f\u00fchrenden Instituten der Industrie (SGS, T\u00dcV NORD) zusammen, um konsequent unser Qualit\u00e4tssystem zu verbessern.<\/p>\n<\/div>\n<\/div><\/div><\/div><div id=\"pgc-2054-2-1\"  class=\"panel-grid-cell\" ><div id=\"panel-2054-2-1-0\" class=\"so-panel widget_sow-image panel-first-child panel-last-child\" data-index=\"5\" ><div\n\t\t\t\n\t\t\tclass=\"so-widget-sow-image so-widget-sow-image-default-8b5b6f678277-2054\"\n\t\t\t\n\t\t>\n<div class=\"sow-image-container\">\n\t\t<img \n\tsrc=\"https:\/\/www.opes-solutions.com\/wp-content\/uploads\/2020\/09\/certificates.png\" width=\"576\" height=\"286\" srcset=\"https:\/\/www.opes-solutions.com\/wp-content\/uploads\/2020\/09\/certificates.png 576w, https:\/\/www.opes-solutions.com\/wp-content\/uploads\/2020\/09\/certificates-151x75.png 151w\" sizes=\"(max-width: 576px) 100vw, 576px\" alt=\"certificates\" \t\tclass=\"so-widget-image\"\/>\n\t<\/div>\n\n<\/div><\/div><\/div><\/div><\/div><div id=\"pg-2054-3\"  class=\"panel-grid panel-has-style\" ><div class=\"uk-background-muted uk-padding-large siteorigin-panels-stretch panel-row-style panel-row-style-for-2054-3\" data-stretch-type=\"full\" ><div id=\"pgc-2054-3-0\"  class=\"panel-grid-cell\" ><div id=\"panel-2054-3-0-0\" class=\"so-panel widget_sow-image panel-first-child panel-last-child\" data-index=\"6\" ><div\n\t\t\t\n\t\t\tclass=\"so-widget-sow-image so-widget-sow-image-default-8b5b6f678277-2054\"\n\t\t\t\n\t\t>\n<div class=\"sow-image-container\">\n\t\t<img \n\tsrc=\"https:\/\/www.opes-solutions.com\/wp-content\/uploads\/2020\/10\/Lean-management.png\" width=\"1000\" height=\"864\" srcset=\"https:\/\/www.opes-solutions.com\/wp-content\/uploads\/2020\/10\/Lean-management.png 1000w, https:\/\/www.opes-solutions.com\/wp-content\/uploads\/2020\/10\/Lean-management-960x829.png 960w, https:\/\/www.opes-solutions.com\/wp-content\/uploads\/2020\/10\/Lean-management-768x664.png 768w, https:\/\/www.opes-solutions.com\/wp-content\/uploads\/2020\/10\/Lean-management-151x130.png 151w\" sizes=\"(max-width: 1000px) 100vw, 1000px\" alt=\"off grid solar panel production\" \t\tclass=\"so-widget-image\"\/>\n\t<\/div>\n\n<\/div><\/div><\/div><div id=\"pgc-2054-3-1\"  class=\"panel-grid-cell\" ><div id=\"panel-2054-3-1-0\" class=\"so-panel widget_sow-editor panel-first-child panel-last-child\" data-index=\"7\" ><div\n\t\t\t\n\t\t\tclass=\"so-widget-sow-editor so-widget-sow-editor-base\"\n\t\t\t\n\t\t>\n<div class=\"siteorigin-widget-tinymce textwidget\">\n\t<h2 class=\"uk-h1\"><strong>EFFIZIENTES<\/strong><br \/>\nManagement<\/h2>\n<p>Wir setzen Kaizen, PDCA, 5S, SMED und weitere Ma\u00dfnahmen ein, um die bestm\u00f6gliche Effizienz erreichen.<br \/>\nDie Solarmodule sind kundenindividuell und dementsprechend individualisieren wir auch den Produktionsprozess, um bestm\u00f6glich optimieren zu k\u00f6nnen. Das garantiert Effizienzsteigerungen und konstante Qualit\u00e4t f\u00fcr alle Chargen.<\/p>\n<\/div>\n<\/div><\/div><\/div><\/div><\/div><div id=\"pg-2054-4\"  class=\"panel-grid panel-has-style\" ><div class=\"siteorigin-panels-stretch panel-row-style panel-row-style-for-2054-4\" data-stretch-type=\"full\" ><div id=\"pgc-2054-4-0\"  class=\"panel-grid-cell\" ><div id=\"panel-2054-4-0-0\" class=\"so-panel widget_sow-editor panel-first-child panel-last-child\" data-index=\"8\" ><div\n\t\t\t\n\t\t\tclass=\"so-widget-sow-editor so-widget-sow-editor-base\"\n\t\t\t\n\t\t>\n<div class=\"siteorigin-widget-tinymce textwidget\">\n\t<h2 class=\"uk-h1\"><strong>Nachhaltige<br \/>\n<\/strong>Produktion<\/h2>\n<p>Solartechnologie verbessert das Leben - ob in l\u00e4ndlichen Gebieten oder gro\u00dfen St\u00e4dten - ohne die Umwelt oder die Menschen unn\u00f6tig zu belasten. Nachhaltigkeit ist uns sehr wichtig, weshalb wir schon fr\u00fch ein ESG Management- und Kontrollsystem eingef\u00fchrt haben. Wir streben an Vorreiter in der Solarbranche zu werden.<\/p>\n<\/div>\n<\/div><\/div><\/div><div id=\"pgc-2054-4-1\"  class=\"panel-grid-cell\" ><div id=\"panel-2054-4-1-0\" class=\"so-panel widget_sow-image panel-first-child panel-last-child\" data-index=\"9\" ><div\n\t\t\t\n\t\t\tclass=\"so-widget-sow-image so-widget-sow-image-default-c67d20f9f743-2054\"\n\t\t\t\n\t\t>\n<div class=\"sow-image-container\">\n\t\t<img \n\tsrc=\"https:\/\/www.opes-solutions.com\/wp-content\/uploads\/2022\/01\/ESG-1.png\" width=\"2204\" height=\"1833\" srcset=\"https:\/\/www.opes-solutions.com\/wp-content\/uploads\/2022\/01\/ESG-1.png 2204w, https:\/\/www.opes-solutions.com\/wp-content\/uploads\/2022\/01\/ESG-1-960x798.png 960w, https:\/\/www.opes-solutions.com\/wp-content\/uploads\/2022\/01\/ESG-1-1920x1597.png 1920w, https:\/\/www.opes-solutions.com\/wp-content\/uploads\/2022\/01\/ESG-1-768x639.png 768w, https:\/\/www.opes-solutions.com\/wp-content\/uploads\/2022\/01\/ESG-1-1536x1277.png 1536w, https:\/\/www.opes-solutions.com\/wp-content\/uploads\/2022\/01\/ESG-1-2048x1703.png 2048w, https:\/\/www.opes-solutions.com\/wp-content\/uploads\/2022\/01\/ESG-1-151x126.png 151w\" sizes=\"(max-width: 2204px) 100vw, 2204px\" alt=\"ESG\" \t\tclass=\"so-widget-image\"\/>\n\t<\/div>\n\n<\/div><\/div><\/div><\/div><\/div><\/div>","protected":false},"excerpt":{"rendered":"<p>HOchflexible Automatisierung Unsere patentierten Automatisierungsl\u00f6sungen erreichen einen hohen Durchsatz bei konstanter Qualit\u00e4t und bieten Flexibilit\u00e4t f\u00fcr unterschiedlichste Anforderungen. Umfangreiche\u00a0 Erfahrung Seit 2012 spezialisieren wir uns auf kundenspezifische Solarmodule, da dieses Segment von der Solarbranche nicht gen\u00fcgend bedient wird. Wenn Massenprodukte netzunabh\u00e4ngig betrieben werden sollen, sind Standard-Solarmodule nicht geeignet. Mit einer Kapazit\u00e4t von bis zu einer [&hellip;]<\/p>\n","protected":false},"author":1,"featured_media":0,"parent":0,"menu_order":0,"comment_status":"closed","ping_status":"closed","template":"","meta":{"_acf_changed":false,"footnotes":""},"class_list":["post-2054","page","type-page","status-publish","hentry"],"acf":[],"yoast_head":"<!-- This site is optimized with the Yoast SEO plugin v25.2 - https:\/\/yoast.com\/wordpress\/plugins\/seo\/ -->\n<title>Fertigung | OPES Solutions<\/title>\n<meta name=\"robots\" content=\"index, follow, max-snippet:-1, max-image-preview:large, max-video-preview:-1\" \/>\n<link rel=\"canonical\" href=\"https:\/\/www.opes-solutions.com\/de\/fertigung\/\" \/>\n<meta property=\"og:locale\" content=\"de_DE\" \/>\n<meta property=\"og:type\" content=\"article\" \/>\n<meta property=\"og:title\" content=\"Fertigung | OPES Solutions\" \/>\n<meta property=\"og:description\" content=\"HOchflexible Automatisierung Unsere patentierten Automatisierungsl\u00f6sungen erreichen einen hohen Durchsatz bei konstanter Qualit\u00e4t und bieten Flexibilit\u00e4t f\u00fcr unterschiedlichste Anforderungen. Umfangreiche\u00a0 Erfahrung Seit 2012 spezialisieren wir uns auf kundenspezifische Solarmodule, da dieses Segment von der Solarbranche nicht gen\u00fcgend bedient wird. Wenn Massenprodukte netzunabh\u00e4ngig betrieben werden sollen, sind Standard-Solarmodule nicht geeignet. Mit einer Kapazit\u00e4t von bis zu einer [&hellip;]\" \/>\n<meta property=\"og:url\" content=\"https:\/\/www.opes-solutions.com\/de\/fertigung\/\" \/>\n<meta property=\"og:site_name\" content=\"OPES Solutions\" \/>\n<meta property=\"article:modified_time\" content=\"2024-02-09T16:07:42+00:00\" \/>\n<meta name=\"twitter:card\" content=\"summary_large_image\" \/>\n<meta name=\"twitter:label1\" content=\"Gesch\u00e4tzte Lesezeit\" \/>\n\t<meta name=\"twitter:data1\" content=\"2\u00a0Minuten\" \/>\n<script type=\"application\/ld+json\" class=\"yoast-schema-graph\">{\"@context\":\"https:\/\/schema.org\",\"@graph\":[{\"@type\":\"WebPage\",\"@id\":\"https:\/\/www.opes-solutions.com\/de\/fertigung\/\",\"url\":\"https:\/\/www.opes-solutions.com\/de\/fertigung\/\",\"name\":\"Fertigung | OPES Solutions\",\"isPartOf\":{\"@id\":\"https:\/\/www.opes-solutions.com\/#website\"},\"datePublished\":\"2020-09-16T16:39:14+00:00\",\"dateModified\":\"2024-02-09T16:07:42+00:00\",\"breadcrumb\":{\"@id\":\"https:\/\/www.opes-solutions.com\/de\/fertigung\/#breadcrumb\"},\"inLanguage\":\"de\",\"potentialAction\":[{\"@type\":\"ReadAction\",\"target\":[\"https:\/\/www.opes-solutions.com\/de\/fertigung\/\"]}]},{\"@type\":\"BreadcrumbList\",\"@id\":\"https:\/\/www.opes-solutions.com\/de\/fertigung\/#breadcrumb\",\"itemListElement\":[{\"@type\":\"ListItem\",\"position\":1,\"name\":\"Home\",\"item\":\"https:\/\/www.opes-solutions.com\/de\/\"},{\"@type\":\"ListItem\",\"position\":2,\"name\":\"Fertigung\"}]},{\"@type\":\"WebSite\",\"@id\":\"https:\/\/www.opes-solutions.com\/#website\",\"url\":\"https:\/\/www.opes-solutions.com\/\",\"name\":\"OPES Solutions\",\"description\":\"\",\"potentialAction\":[{\"@type\":\"SearchAction\",\"target\":{\"@type\":\"EntryPoint\",\"urlTemplate\":\"https:\/\/www.opes-solutions.com\/?s={search_term_string}\"},\"query-input\":{\"@type\":\"PropertyValueSpecification\",\"valueRequired\":true,\"valueName\":\"search_term_string\"}}],\"inLanguage\":\"de\"}]}<\/script>\n<!-- \/ Yoast SEO plugin. -->","yoast_head_json":{"title":"Fertigung | OPES Solutions","robots":{"index":"index","follow":"follow","max-snippet":"max-snippet:-1","max-image-preview":"max-image-preview:large","max-video-preview":"max-video-preview:-1"},"canonical":"https:\/\/www.opes-solutions.com\/de\/fertigung\/","og_locale":"de_DE","og_type":"article","og_title":"Fertigung | OPES Solutions","og_description":"HOchflexible Automatisierung Unsere patentierten Automatisierungsl\u00f6sungen erreichen einen hohen Durchsatz bei konstanter Qualit\u00e4t und bieten Flexibilit\u00e4t f\u00fcr unterschiedlichste Anforderungen. Umfangreiche\u00a0 Erfahrung Seit 2012 spezialisieren wir uns auf kundenspezifische Solarmodule, da dieses Segment von der Solarbranche nicht gen\u00fcgend bedient wird. Wenn Massenprodukte netzunabh\u00e4ngig betrieben werden sollen, sind Standard-Solarmodule nicht geeignet. Mit einer Kapazit\u00e4t von bis zu einer [&hellip;]","og_url":"https:\/\/www.opes-solutions.com\/de\/fertigung\/","og_site_name":"OPES Solutions","article_modified_time":"2024-02-09T16:07:42+00:00","twitter_card":"summary_large_image","twitter_misc":{"Gesch\u00e4tzte Lesezeit":"2\u00a0Minuten"},"schema":{"@context":"https:\/\/schema.org","@graph":[{"@type":"WebPage","@id":"https:\/\/www.opes-solutions.com\/de\/fertigung\/","url":"https:\/\/www.opes-solutions.com\/de\/fertigung\/","name":"Fertigung | OPES Solutions","isPartOf":{"@id":"https:\/\/www.opes-solutions.com\/#website"},"datePublished":"2020-09-16T16:39:14+00:00","dateModified":"2024-02-09T16:07:42+00:00","breadcrumb":{"@id":"https:\/\/www.opes-solutions.com\/de\/fertigung\/#breadcrumb"},"inLanguage":"de","potentialAction":[{"@type":"ReadAction","target":["https:\/\/www.opes-solutions.com\/de\/fertigung\/"]}]},{"@type":"BreadcrumbList","@id":"https:\/\/www.opes-solutions.com\/de\/fertigung\/#breadcrumb","itemListElement":[{"@type":"ListItem","position":1,"name":"Home","item":"https:\/\/www.opes-solutions.com\/de\/"},{"@type":"ListItem","position":2,"name":"Fertigung"}]},{"@type":"WebSite","@id":"https:\/\/www.opes-solutions.com\/#website","url":"https:\/\/www.opes-solutions.com\/","name":"OPES Solutions","description":"","potentialAction":[{"@type":"SearchAction","target":{"@type":"EntryPoint","urlTemplate":"https:\/\/www.opes-solutions.com\/?s={search_term_string}"},"query-input":{"@type":"PropertyValueSpecification","valueRequired":true,"valueName":"search_term_string"}}],"inLanguage":"de"}]}},"_links":{"self":[{"href":"https:\/\/www.opes-solutions.com\/de\/wp-json\/wp\/v2\/pages\/2054","targetHints":{"allow":["GET"]}}],"collection":[{"href":"https:\/\/www.opes-solutions.com\/de\/wp-json\/wp\/v2\/pages"}],"about":[{"href":"https:\/\/www.opes-solutions.com\/de\/wp-json\/wp\/v2\/types\/page"}],"author":[{"embeddable":true,"href":"https:\/\/www.opes-solutions.com\/de\/wp-json\/wp\/v2\/users\/1"}],"replies":[{"embeddable":true,"href":"https:\/\/www.opes-solutions.com\/de\/wp-json\/wp\/v2\/comments?post=2054"}],"version-history":[{"count":50,"href":"https:\/\/www.opes-solutions.com\/de\/wp-json\/wp\/v2\/pages\/2054\/revisions"}],"predecessor-version":[{"id":5345,"href":"https:\/\/www.opes-solutions.com\/de\/wp-json\/wp\/v2\/pages\/2054\/revisions\/5345"}],"wp:attachment":[{"href":"https:\/\/www.opes-solutions.com\/de\/wp-json\/wp\/v2\/media?parent=2054"}],"curies":[{"name":"wp","href":"https:\/\/api.w.org\/{rel}","templated":true}]}}