{"id":2095,"date":"2020-02-12T17:07:53","date_gmt":"2020-02-12T16:07:53","guid":{"rendered":"http:\/\/dev.opes-solutions.com\/imprint\/"},"modified":"2020-11-14T00:33:22","modified_gmt":"2020-11-13T23:33:22","slug":"impressum","status":"publish","type":"page","link":"https:\/\/www.opes-solutions.com\/de\/impressum\/","title":{"rendered":"Impressum"},"content":{"rendered":"<div id=\"pl-2095\"  class=\"panel-layout\" ><div id=\"pg-2095-0\"  class=\"panel-grid panel-has-style\" ><div class=\"uk-background-muted uk-padding-large uk-text-left siteorigin-panels-stretch panel-row-style panel-row-style-for-2095-0\" data-stretch-type=\"full\" ><div id=\"pgc-2095-0-0\"  class=\"panel-grid-cell\" ><div id=\"panel-2095-0-0-0\" class=\"so-panel widget_sow-editor panel-first-child panel-last-child\" data-index=\"0\" ><div\n\t\t\t\n\t\t\tclass=\"so-widget-sow-editor so-widget-sow-editor-base\"\n\t\t\t\n\t\t>\n<div class=\"siteorigin-widget-tinymce textwidget\">\n\t<h1>Impressum<\/h1>\n<h2>Angaben gem\u00e4\u00df \u00a7 5 TMG:<\/h2>\n<p>OPES Solutions GmbH<br \/>\nRobert H\u00e4ndel<br \/>\nZeppelinstra\u00dfe 1<br \/>\n12529   Sch\u00f6nefeld<\/p>\n<p>Vertreten durch: Gesch\u00e4ftsf\u00fchrer Robert H\u00e4ndel<\/p>\n<h2>Kontakt:<\/h2>\n<p>Telefon: +49 (0) 30 284 237 80<br \/>\nE-Mail: <a href=\"mailto:info&#64;o&#112;&#101;s&#45;so&#108;&#117;t&#105;o&#110;s&#46;&#99;o&#109;\">in&#102;&#111;&#64;o&#112;e&#115;&#45;&#115;&#111;lutio&#110;s.&#99;o&#109;<\/a><\/p>\n<h2>Registereintrag:<\/h2>\n<p>Registereintrag: Eintragung im Handelsregister<br \/>\nRegistergericht: Amtsgericht Charlottenburg (Berlin) HRB 170465 B<br \/>\nRegisternummer HRB 170465 B<\/p>\n<h2>Umsatzsteuer:<\/h2>\n<p>Umsatzsteuer-Identifikationsnummer gem\u00e4\u00df \u00a727 a Umsatzsteuergesetz:<br \/>\nUSt-ID DE302297932<\/p>\n<h2>Streitschlichtung<\/h2>\n<p>Wir sind nicht bereit oder verpflichtet, an Streitbeilegungsverfahren vor einer Verbraucherschlichtungsstelle teilzunehmen.<br \/>\nDas Gesetzes \u00fcber die alternative Streitbeilegung in Verbrauchersachen fordert aber, dass wir Sie trotzdem auf eine f\u00fcr Sie zust\u00e4ndige Verbraucherschlichtungsstelle hinweisen:<\/p>\n<p>Allgemeine Verbraucherschlichtungsstelle des Zentrums f\u00fcr Schlichtung e. V.<br \/>\nStra\u00dfburger Str. 8<br \/>\n77694 Kehl<br \/>\nInternet: <a href=\"http:\/\/www.verbraucher-schlichter.de\" target=\"_blank\" rel=\"noopener\">www.verbraucher-schlichter.de<\/a><\/p>\n<h3>Haftung f\u00fcr Inhalte<\/h3>\n<p>Als Diensteanbieter sind wir gem\u00e4\u00df \u00a7 7 Abs.1 TMG f\u00fcr eigene Inhalte auf diesen Seiten nach den allgemeinen Gesetzen verantwortlich. Nach \u00a7\u00a7 8 bis 10 TMG sind wir als Diensteanbieter jedoch nicht verpflichtet, \u00fcbermittelte oder gespeicherte fremde Informationen zu \u00fcberwachen oder nach Umst\u00e4nden zu forschen, die auf eine rechtswidrige T\u00e4tigkeit hinweisen.<\/p>\n<p>Verpflichtungen zur Entfernung oder Sperrung der Nutzung von Informationen nach den allgemeinen Gesetzen bleiben hiervon unber\u00fchrt. Eine diesbez\u00fcgliche Haftung ist jedoch erst ab dem Zeitpunkt der Kenntnis einer konkreten Rechtsverletzung m\u00f6glich. Bei Bekanntwerden von entsprechenden Rechtsverletzungen werden wir diese Inhalte umgehend entfernen.<\/p>\n<h3>Haftung f\u00fcr Links<\/h3>\n<p>Unser Angebot enth\u00e4lt Links zu externen Websites Dritter, auf deren Inhalte wir keinen Einfluss haben. Deshalb k\u00f6nnen wir f\u00fcr diese fremden Inhalte auch keine Gew\u00e4hr \u00fcbernehmen. F\u00fcr die Inhalte der verlinkten Seiten ist stets der jeweilige Anbieter oder Betreiber der Seiten verantwortlich. Die verlinkten Seiten wurden zum Zeitpunkt der Verlinkung auf m\u00f6gliche Rechtsverst\u00f6\u00dfe \u00fcberpr\u00fcft. Rechtswidrige Inhalte waren zum Zeitpunkt der Verlinkung nicht erkennbar.<\/p>\n<p>Eine permanente inhaltliche Kontrolle der verlinkten Seiten ist jedoch ohne konkrete Anhaltspunkte einer Rechtsverletzung nicht zumutbar. Bei Bekanntwerden von Rechtsverletzungen werden wir derartige Links umgehend entfernen.<\/p>\n<h3>Urheberrecht<\/h3>\n<p>Die durch die Seitenbetreiber erstellten Inhalte und Werke auf diesen Seiten unterliegen dem deutschen Urheberrecht. Die Vervielf\u00e4ltigung, Bearbeitung, Verbreitung und jede Art der Verwertung au\u00dferhalb der Grenzen des Urheberrechtes bed\u00fcrfen der schriftlichen Zustimmung des jeweiligen Autors bzw. Erstellers. Downloads und Kopien dieser Seite sind nur f\u00fcr den privaten, nicht kommerziellen Gebrauch gestattet.<\/p>\n<p>Soweit die Inhalte auf dieser Seite nicht vom Betreiber erstellt wurden, werden die Urheberrechte Dritter beachtet. Insbesondere werden Inhalte Dritter als solche gekennzeichnet. Sollten Sie trotzdem auf eine Urheberrechtsverletzung aufmerksam werden, bitten wir um einen entsprechenden Hinweis. Bei Bekanntwerden von Rechtsverletzungen werden wir derartige Inhalte umgehend entfernen.<\/p>\n<h3>Bildrechtenachweis<\/h3>\n<div>Icons made by <a title=\"Freepik\" href=\"https:\/\/www.flaticon.com\/authors\/freepik\" target=\"_blank\" rel=\"noopener\">Freepik<\/a> from <a title=\"Flaticon\" href=\"https:\/\/www.flaticon.com\/\" target=\"_blank\" rel=\"noopener\">www.flaticon.com<\/a><\/div>\n<div>Icons made by <a title=\"Pixel perfect\" href=\"https:\/\/www.flaticon.com\/authors\/pixel-perfect\" target=\"_blank\" rel=\"noopener\">Pixel perfect<\/a> from <a title=\"Flaticon\" href=\"https:\/\/www.flaticon.com\/\" target=\"_blank\" rel=\"noopener\">www.flaticon.com<\/a><\/div>\n<div>Icons made by <a title=\"Kiranshastry\" href=\"https:\/\/www.flaticon.com\/authors\/kiranshastry\" target=\"_blank\" rel=\"noopener\">Kiranshastry<\/a> from <a title=\"Flaticon\" href=\"https:\/\/www.flaticon.com\/\" target=\"_blank\" rel=\"noopener\">www.flaticon.com<\/a><\/div>\n<div>Icons made by <a title=\"Good Ware\" href=\"https:\/\/www.flaticon.com\/authors\/good-ware\" target=\"_blank\" rel=\"noopener\">Good Ware<\/a> from <a title=\"Flaticon\" href=\"https:\/\/www.flaticon.com\/\" target=\"_blank\" rel=\"noopener\">www.flaticon.com<\/a><\/div>\n<div>Icons made by <a title=\"geotatah\" href=\"https:\/\/www.flaticon.com\/authors\/geotatah\" target=\"_blank\" rel=\"noopener\">geotatah<\/a> from <a title=\"Flaticon\" href=\"https:\/\/www.flaticon.com\/\" target=\"_blank\" rel=\"noopener\">www.flaticon.com<\/a><\/div>\n<div>Icons made by <a title=\"srip\" href=\"https:\/\/www.flaticon.com\/authors\/srip\" target=\"_blank\" rel=\"noopener\">srip<\/a> from <a title=\"Flaticon\" href=\"https:\/\/www.flaticon.com\/\" target=\"_blank\" rel=\"noopener\">www.flaticon.com<\/a><\/div>\n<div>Icons made by <a title=\"Smashicons\" href=\"https:\/\/www.flaticon.com\/authors\/smashicons\" target=\"_blank\" rel=\"noopener\">Smashicons<\/a> from <a title=\"Flaticon\" href=\"https:\/\/www.flaticon.com\/\" target=\"_blank\" rel=\"noopener\">www.flaticon.com<\/a><\/div>\n<div>Icons made by <a title=\"smalllikeart\" href=\"https:\/\/www.flaticon.com\/authors\/smalllikeart\" target=\"_blank\" rel=\"noopener\">smalllikeart<\/a> from <a title=\"Flaticon\" href=\"https:\/\/www.flaticon.com\/\" target=\"_blank\" rel=\"noopener\">www.flaticon.com<\/a><\/div>\n<div>Icons made by <a title=\"Icongeek26\" href=\"https:\/\/www.flaticon.com\/authors\/icongeek26\" target=\"_blank\" rel=\"noopener\">Icongeek26<\/a> from <a title=\"Flaticon\" href=\"https:\/\/www.flaticon.com\/\" target=\"_blank\" rel=\"noopener\">www.flaticon.com<\/a><\/div>\n<div>Icons made by <a title=\"surang\" href=\"https:\/\/www.flaticon.com\/authors\/surang\" target=\"_blank\" rel=\"noopener\">surang<\/a> from <a title=\"Flaticon\" href=\"https:\/\/www.flaticon.com\/\" target=\"_blank\" rel=\"noopener\">www.flaticon.com<\/a><\/div>\n<div>Icons made by <a title=\"Good Ware\" href=\"https:\/\/www.flaticon.com\/authors\/good-ware\">Good Ware<\/a> from <a title=\"Flaticon\" href=\"https:\/\/www.flaticon.com\/\">www.flaticon.com<\/a><\/div>\n<div>Icons made by <a title=\"monkik\" href=\"https:\/\/www.flaticon.com\/authors\/monkik\">monkik<\/a> from <a title=\"Flaticon\" href=\"https:\/\/www.flaticon.com\/\">www.flaticon.com<\/a><\/div>\n<\/div>\n<\/div><\/div><\/div><\/div><\/div><\/div>","protected":false},"excerpt":{"rendered":"<p>Impressum Angaben gem\u00e4\u00df \u00a7 5 TMG: Vertreten durch: Gesch\u00e4ftsf\u00fchrer Kontakt: Telefon: E-Mail: Registereintrag: Registereintrag: Eintragung im Handelsregister Registergericht: Amtsgericht Charlottenburg (Berlin) HRB 170465 B Registernummer HRB 170465 B Umsatzsteuer: Umsatzsteuer-Identifikationsnummer gem\u00e4\u00df \u00a727 a Umsatzsteuergesetz: USt-ID DE302297932 Streitschlichtung Wir sind nicht bereit oder verpflichtet, an Streitbeilegungsverfahren vor einer Verbraucherschlichtungsstelle teilzunehmen. Das Gesetzes \u00fcber die alternative Streitbeilegung [&hellip;]<\/p>\n","protected":false},"author":1,"featured_media":0,"parent":0,"menu_order":0,"comment_status":"closed","ping_status":"closed","template":"","meta":{"_acf_changed":false,"footnotes":""},"class_list":["post-2095","page","type-page","status-publish","hentry"],"acf":[],"yoast_head":"<!-- This site is optimized with the Yoast SEO plugin v25.2 - https:\/\/yoast.com\/wordpress\/plugins\/seo\/ -->\n<title>Impressum | OPES Solutions<\/title>\n<meta name=\"robots\" content=\"index, follow, max-snippet:-1, max-image-preview:large, max-video-preview:-1\" \/>\n<link rel=\"canonical\" href=\"https:\/\/www.opes-solutions.com\/de\/impressum\/\" \/>\n<meta property=\"og:locale\" content=\"de_DE\" \/>\n<meta property=\"og:type\" content=\"article\" \/>\n<meta property=\"og:title\" content=\"Impressum | OPES Solutions\" \/>\n<meta property=\"og:description\" content=\"Impressum Angaben gem\u00e4\u00df \u00a7 5 TMG: Vertreten durch: Gesch\u00e4ftsf\u00fchrer Kontakt: Telefon: E-Mail: Registereintrag: Registereintrag: Eintragung im Handelsregister Registergericht: Amtsgericht Charlottenburg (Berlin) HRB 170465 B Registernummer HRB 170465 B Umsatzsteuer: Umsatzsteuer-Identifikationsnummer gem\u00e4\u00df \u00a727 a Umsatzsteuergesetz: USt-ID DE302297932 Streitschlichtung Wir sind nicht bereit oder verpflichtet, an Streitbeilegungsverfahren vor einer Verbraucherschlichtungsstelle teilzunehmen. Das Gesetzes \u00fcber die alternative Streitbeilegung [&hellip;]\" \/>\n<meta property=\"og:url\" content=\"https:\/\/www.opes-solutions.com\/de\/impressum\/\" \/>\n<meta property=\"og:site_name\" content=\"OPES Solutions\" \/>\n<meta property=\"article:modified_time\" content=\"2020-11-13T23:33:22+00:00\" \/>\n<meta name=\"twitter:card\" content=\"summary_large_image\" \/>\n<meta name=\"twitter:label1\" content=\"Gesch\u00e4tzte Lesezeit\" \/>\n\t<meta name=\"twitter:data1\" content=\"2\u00a0Minuten\" \/>\n<script type=\"application\/ld+json\" class=\"yoast-schema-graph\">{\"@context\":\"https:\/\/schema.org\",\"@graph\":[{\"@type\":\"WebPage\",\"@id\":\"https:\/\/www.opes-solutions.com\/de\/impressum\/\",\"url\":\"https:\/\/www.opes-solutions.com\/de\/impressum\/\",\"name\":\"Impressum | OPES Solutions\",\"isPartOf\":{\"@id\":\"https:\/\/www.opes-solutions.com\/#website\"},\"datePublished\":\"2020-02-12T16:07:53+00:00\",\"dateModified\":\"2020-11-13T23:33:22+00:00\",\"breadcrumb\":{\"@id\":\"https:\/\/www.opes-solutions.com\/de\/impressum\/#breadcrumb\"},\"inLanguage\":\"de\",\"potentialAction\":[{\"@type\":\"ReadAction\",\"target\":[\"https:\/\/www.opes-solutions.com\/de\/impressum\/\"]}]},{\"@type\":\"BreadcrumbList\",\"@id\":\"https:\/\/www.opes-solutions.com\/de\/impressum\/#breadcrumb\",\"itemListElement\":[{\"@type\":\"ListItem\",\"position\":1,\"name\":\"Home\",\"item\":\"https:\/\/www.opes-solutions.com\/de\/\"},{\"@type\":\"ListItem\",\"position\":2,\"name\":\"Impressum\"}]},{\"@type\":\"WebSite\",\"@id\":\"https:\/\/www.opes-solutions.com\/#website\",\"url\":\"https:\/\/www.opes-solutions.com\/\",\"name\":\"OPES Solutions\",\"description\":\"\",\"potentialAction\":[{\"@type\":\"SearchAction\",\"target\":{\"@type\":\"EntryPoint\",\"urlTemplate\":\"https:\/\/www.opes-solutions.com\/?s={search_term_string}\"},\"query-input\":{\"@type\":\"PropertyValueSpecification\",\"valueRequired\":true,\"valueName\":\"search_term_string\"}}],\"inLanguage\":\"de\"}]}<\/script>\n<!-- \/ Yoast SEO plugin. -->","yoast_head_json":{"title":"Impressum | OPES Solutions","robots":{"index":"index","follow":"follow","max-snippet":"max-snippet:-1","max-image-preview":"max-image-preview:large","max-video-preview":"max-video-preview:-1"},"canonical":"https:\/\/www.opes-solutions.com\/de\/impressum\/","og_locale":"de_DE","og_type":"article","og_title":"Impressum | OPES Solutions","og_description":"Impressum Angaben gem\u00e4\u00df \u00a7 5 TMG: Vertreten durch: Gesch\u00e4ftsf\u00fchrer Kontakt: Telefon: E-Mail: Registereintrag: Registereintrag: Eintragung im Handelsregister Registergericht: Amtsgericht Charlottenburg (Berlin) HRB 170465 B Registernummer HRB 170465 B Umsatzsteuer: Umsatzsteuer-Identifikationsnummer gem\u00e4\u00df \u00a727 a Umsatzsteuergesetz: USt-ID DE302297932 Streitschlichtung Wir sind nicht bereit oder verpflichtet, an Streitbeilegungsverfahren vor einer Verbraucherschlichtungsstelle teilzunehmen. Das Gesetzes \u00fcber die alternative Streitbeilegung [&hellip;]","og_url":"https:\/\/www.opes-solutions.com\/de\/impressum\/","og_site_name":"OPES Solutions","article_modified_time":"2020-11-13T23:33:22+00:00","twitter_card":"summary_large_image","twitter_misc":{"Gesch\u00e4tzte Lesezeit":"2\u00a0Minuten"},"schema":{"@context":"https:\/\/schema.org","@graph":[{"@type":"WebPage","@id":"https:\/\/www.opes-solutions.com\/de\/impressum\/","url":"https:\/\/www.opes-solutions.com\/de\/impressum\/","name":"Impressum | OPES Solutions","isPartOf":{"@id":"https:\/\/www.opes-solutions.com\/#website"},"datePublished":"2020-02-12T16:07:53+00:00","dateModified":"2020-11-13T23:33:22+00:00","breadcrumb":{"@id":"https:\/\/www.opes-solutions.com\/de\/impressum\/#breadcrumb"},"inLanguage":"de","potentialAction":[{"@type":"ReadAction","target":["https:\/\/www.opes-solutions.com\/de\/impressum\/"]}]},{"@type":"BreadcrumbList","@id":"https:\/\/www.opes-solutions.com\/de\/impressum\/#breadcrumb","itemListElement":[{"@type":"ListItem","position":1,"name":"Home","item":"https:\/\/www.opes-solutions.com\/de\/"},{"@type":"ListItem","position":2,"name":"Impressum"}]},{"@type":"WebSite","@id":"https:\/\/www.opes-solutions.com\/#website","url":"https:\/\/www.opes-solutions.com\/","name":"OPES Solutions","description":"","potentialAction":[{"@type":"SearchAction","target":{"@type":"EntryPoint","urlTemplate":"https:\/\/www.opes-solutions.com\/?s={search_term_string}"},"query-input":{"@type":"PropertyValueSpecification","valueRequired":true,"valueName":"search_term_string"}}],"inLanguage":"de"}]}},"_links":{"self":[{"href":"https:\/\/www.opes-solutions.com\/de\/wp-json\/wp\/v2\/pages\/2095","targetHints":{"allow":["GET"]}}],"collection":[{"href":"https:\/\/www.opes-solutions.com\/de\/wp-json\/wp\/v2\/pages"}],"about":[{"href":"https:\/\/www.opes-solutions.com\/de\/wp-json\/wp\/v2\/types\/page"}],"author":[{"embeddable":true,"href":"https:\/\/www.opes-solutions.com\/de\/wp-json\/wp\/v2\/users\/1"}],"replies":[{"embeddable":true,"href":"https:\/\/www.opes-solutions.com\/de\/wp-json\/wp\/v2\/comments?post=2095"}],"version-history":[{"count":3,"href":"https:\/\/www.opes-solutions.com\/de\/wp-json\/wp\/v2\/pages\/2095\/revisions"}],"predecessor-version":[{"id":2883,"href":"https:\/\/www.opes-solutions.com\/de\/wp-json\/wp\/v2\/pages\/2095\/revisions\/2883"}],"wp:attachment":[{"href":"https:\/\/www.opes-solutions.com\/de\/wp-json\/wp\/v2\/media?parent=2095"}],"curies":[{"name":"wp","href":"https:\/\/api.w.org\/{rel}","templated":true}]}}