{"id":2543,"date":"2020-10-26T12:12:59","date_gmt":"2020-10-26T11:12:59","guid":{"rendered":"http:\/\/dev.opes-solutions.com\/?page_id=2543"},"modified":"2021-04-16T15:45:57","modified_gmt":"2021-04-16T13:45:57","slug":"spezifische-bestandteile","status":"publish","type":"page","link":"https:\/\/www.opes-solutions.com\/de\/individualisierung\/spezifische-bestandteile\/","title":{"rendered":"Spezifische Bestandteile"},"content":{"rendered":"<div id=\"pl-2543\"  class=\"panel-layout\" ><div id=\"pg-2543-0\"  class=\"panel-grid panel-has-style\" ><div class=\"uk-background-muted uk-padding-large  siteorigin-panels-stretch panel-row-style panel-row-style-for-2543-0\" data-stretch-type=\"full\" ><div id=\"pgc-2543-0-0\"  class=\"panel-grid-cell\" ><div id=\"panel-2543-0-0-0\" class=\"so-panel widget_sow-editor panel-first-child panel-last-child\" data-index=\"0\" ><div\n\t\t\t\n\t\t\tclass=\"so-widget-sow-editor so-widget-sow-editor-base\"\n\t\t\t\n\t\t>\n<div class=\"siteorigin-widget-tinymce textwidget\">\n\t<p style=\"text-align: center;\"><strong>Azuri Technologies<\/strong> ist ein f\u00fchrender Anbieter von preiswerten Pay-as-you-go Solar Home Systemen f\u00fcr Menschen in Afrika ohne Stromzugang. Durch die Kombination der neuesten Solarinnovationen und mobiler Zahlungstechnologie macht Azuri zuverl\u00e4ssige und erneuerbare Energie f\u00fcr Millionen von Menschen verf\u00fcgbar.<\/p>\n<\/div>\n<\/div><\/div><\/div><\/div><\/div><div id=\"pg-2543-1\"  class=\"panel-grid panel-has-style\" ><div class=\"siteorigin-panels-stretch panel-row-style panel-row-style-for-2543-1\" data-stretch-type=\"full\" ><div id=\"pgc-2543-1-0\"  class=\"panel-grid-cell\" ><div id=\"panel-2543-1-0-0\" class=\"so-panel widget_sow-editor panel-first-child panel-last-child\" data-index=\"1\" ><div\n\t\t\t\n\t\t\tclass=\"so-widget-sow-editor so-widget-sow-editor-base\"\n\t\t\t\n\t\t>\n<div class=\"siteorigin-widget-tinymce textwidget\">\n\t<h5 class=\"uk-h1 uk-h2\"><span style=\"color: #8fc31f;\"><span style=\"caret-color: #8fc31f;\"><b>Anforderungen<\/b><\/span><\/span><\/h5>\n<p>Ein neues Anschlussdosendesign, das wasserdicht ist (IP64), eine Zugentlastung bietet und nicht vergossen ist. <\/p>\n<ul>\n<li>Option zum Wechseln der Kabel ist erforderlich<\/li>\n<li>Kabel werden oft durch scharfe Kanten von Metalld\u00e4chern oder Rattenbisse besch\u00e4digt<\/li>\n<li>Kabel k\u00f6nnen aufgrund des Vergusses der Anschlussdose nicht ersetzt werden<\/li>\n<li>Ohne Verguss: nicht wasserdicht & mangelhafte Kabelzugkraft<\/li>\n<\/ul>\n<\/div>\n<\/div><\/div><\/div><div id=\"pgc-2543-1-1\"  class=\"panel-grid-cell\" ><div id=\"panel-2543-1-1-0\" class=\"so-panel widget_sow-image panel-first-child panel-last-child\" data-index=\"2\" ><div\n\t\t\t\n\t\t\tclass=\"so-widget-sow-image so-widget-sow-image-default-c67d20f9f743-2543\"\n\t\t\t\n\t\t>\n<div class=\"sow-image-container\">\n\t\t<img \n\tsrc=\"https:\/\/www.opes-solutions.com\/wp-content\/uploads\/2020\/12\/Jbox-1-1-400x400.jpg\" width=\"400\" height=\"400\" srcset=\"https:\/\/www.opes-solutions.com\/wp-content\/uploads\/2020\/12\/Jbox-1-1-400x400.jpg 400w, https:\/\/www.opes-solutions.com\/wp-content\/uploads\/2020\/12\/Jbox-1-1-150x150.jpg 150w, https:\/\/www.opes-solutions.com\/wp-content\/uploads\/2020\/12\/Jbox-1-1-200x200.jpg 200w\" sizes=\"(max-width: 400px) 100vw, 400px\" alt=\"Junction Box\" \t\tclass=\"so-widget-image\"\/>\n\t<\/div>\n\n<\/div><\/div><\/div><\/div><\/div><div id=\"pg-2543-2\"  class=\"panel-grid panel-has-style\" ><div class=\"siteorigin-panels-stretch panel-row-style panel-row-style-for-2543-2\" data-stretch-type=\"full\" ><div id=\"pgc-2543-2-0\"  class=\"panel-grid-cell\" ><div id=\"panel-2543-2-0-0\" class=\"so-panel widget_sow-editor panel-first-child panel-last-child\" data-index=\"3\" ><div\n\t\t\t\n\t\t\tclass=\"so-widget-sow-editor so-widget-sow-editor-base\"\n\t\t\t\n\t\t>\n<div class=\"siteorigin-widget-tinymce textwidget\">\n\t<h5 class=\"uk-h1 uk-h2\"><span style=\"color: #8fc31f;\"><span style=\"caret-color: #8fc31f;\"><b>Kundenorientiertes Engineering<\/b><\/span><\/span><\/h5>\n<p>Um die Probleme zu l\u00f6sen, haben wir mit unserem Kunden einen Designprozess gestartet.<\/p>\n<ul>\n<li>\n<div><span lang=\"EN-US\">Zugentlastung sch\u00fctzt das Kabel <\/span><\/div>\n<\/li>\n<li>\n<div><span lang=\"EN-US\">Kabel werden austauschbar<\/span><\/div>\n<\/li>\n<li>Der Deckel der Dose kann f\u00fcr Reparaturen ge\u00f6ffnet und geschlossen werden, ohne dass die Abdichtung beeintr\u00e4chtigt wird<\/li>\n<li>Speziell konstruierte und vergr\u00f6\u00dferte R\u00fcckseite vermeidet Fehler bei der Silikonverklebung der Dose mit dem Modul<\/li>\n<\/ul>\n<\/div>\n<\/div><\/div><\/div><div id=\"pgc-2543-2-1\"  class=\"panel-grid-cell\" ><div id=\"panel-2543-2-1-0\" class=\"so-panel widget_sow-image panel-first-child panel-last-child\" data-index=\"4\" ><div\n\t\t\t\n\t\t\tclass=\"so-widget-sow-image so-widget-sow-image-default-c67d20f9f743-2543\"\n\t\t\t\n\t\t>\n<div class=\"sow-image-container\">\n\t\t<img \n\tsrc=\"https:\/\/www.opes-solutions.com\/wp-content\/uploads\/2020\/12\/Jbox-2-1-400x400.png\" width=\"400\" height=\"400\" srcset=\"https:\/\/www.opes-solutions.com\/wp-content\/uploads\/2020\/12\/Jbox-2-1-400x400.png 400w, https:\/\/www.opes-solutions.com\/wp-content\/uploads\/2020\/12\/Jbox-2-1-768x768.png 768w, https:\/\/www.opes-solutions.com\/wp-content\/uploads\/2020\/12\/Jbox-2-1-150x150.png 150w, https:\/\/www.opes-solutions.com\/wp-content\/uploads\/2020\/12\/Jbox-2-1-151x151.png 151w, https:\/\/www.opes-solutions.com\/wp-content\/uploads\/2020\/12\/Jbox-2-1-200x200.png 200w, https:\/\/www.opes-solutions.com\/wp-content\/uploads\/2020\/12\/Jbox-2-1.png 800w\" sizes=\"(max-width: 400px) 100vw, 400px\" alt=\"\" \t\tclass=\"so-widget-image\"\/>\n\t<\/div>\n\n<\/div><\/div><\/div><\/div><\/div><div id=\"pg-2543-3\"  class=\"panel-grid panel-has-style\" ><div class=\"siteorigin-panels-stretch panel-row-style panel-row-style-for-2543-3\" data-stretch-type=\"full\" ><div id=\"pgc-2543-3-0\"  class=\"panel-grid-cell\" ><div id=\"panel-2543-3-0-0\" class=\"so-panel widget_sow-editor panel-first-child panel-last-child\" data-index=\"5\" ><div\n\t\t\t\n\t\t\tclass=\"so-widget-sow-editor so-widget-sow-editor-base\"\n\t\t\t\n\t\t>\n<div class=\"siteorigin-widget-tinymce textwidget\">\n\t<ul>\n<li>(A) Wasserdichter Schiebedeckel ohne Silikakleberverguss. Dieser kann nur von geschulten Technikern ge\u00f6ffnet werden.<\/li>\n<li>(B) Zugentlastung zur Erh\u00f6hung der Kabelzugkraft sowie mit der M\u00f6glichkeit, das Kabel zu wechseln<\/li>\n<li>(C)\u00a0Kerbe, die wirksam verhindert, dass der Klebeverguss \u00fcberl\u00e4uft<\/li>\n<\/ul>\n<\/div>\n<\/div><\/div><\/div><div id=\"pgc-2543-3-1\"  class=\"panel-grid-cell\" ><div id=\"panel-2543-3-1-0\" class=\"so-panel widget_sow-image panel-first-child panel-last-child\" data-index=\"6\" ><div\n\t\t\t\n\t\t\tclass=\"so-widget-sow-image so-widget-sow-image-default-c67d20f9f743-2543\"\n\t\t\t\n\t\t>\n<div class=\"sow-image-container\">\n\t\t<img \n\tsrc=\"https:\/\/www.opes-solutions.com\/wp-content\/uploads\/2020\/12\/Jbox-3-1-400x400.png\" width=\"400\" height=\"400\" srcset=\"https:\/\/www.opes-solutions.com\/wp-content\/uploads\/2020\/12\/Jbox-3-1-400x400.png 400w, https:\/\/www.opes-solutions.com\/wp-content\/uploads\/2020\/12\/Jbox-3-1-768x768.png 768w, https:\/\/www.opes-solutions.com\/wp-content\/uploads\/2020\/12\/Jbox-3-1-150x150.png 150w, https:\/\/www.opes-solutions.com\/wp-content\/uploads\/2020\/12\/Jbox-3-1-151x151.png 151w, https:\/\/www.opes-solutions.com\/wp-content\/uploads\/2020\/12\/Jbox-3-1-200x200.png 200w, https:\/\/www.opes-solutions.com\/wp-content\/uploads\/2020\/12\/Jbox-3-1.png 800w\" sizes=\"(max-width: 400px) 100vw, 400px\" alt=\"\" \t\tclass=\"so-widget-image\"\/>\n\t<\/div>\n\n<\/div><\/div><\/div><\/div><\/div><div id=\"pg-2543-4\"  class=\"panel-grid panel-has-style\" ><div class=\"siteorigin-panels-stretch panel-row-style panel-row-style-for-2543-4\" data-stretch-type=\"full\" ><div id=\"pgc-2543-4-0\"  class=\"panel-grid-cell\" ><div id=\"panel-2543-4-0-0\" class=\"so-panel widget_sow-editor panel-first-child panel-last-child\" data-index=\"7\" ><div\n\t\t\t\n\t\t\tclass=\"so-widget-sow-editor so-widget-sow-editor-base\"\n\t\t\t\n\t\t>\n<div class=\"siteorigin-widget-tinymce textwidget\">\n\t<h5 class=\"uk-h1 uk-h2\"><span style=\"color: #8fc31f;\"><span style=\"caret-color: #8fc31f;\"><b>Solution<\/b><\/span><\/span><\/h5>\n<ul>\n<li>Wasserdicht (IP 64)<\/li>\n<li>Zugfestigkeit erh\u00f6ht um 300%<\/li>\n<li>Kabel k\u00f6nnen ausgetauscht werden<\/li>\n<\/ul>\n<p>&nbsp;<\/p>\n<\/div>\n<\/div><\/div><\/div><div id=\"pgc-2543-4-1\"  class=\"panel-grid-cell\" ><div id=\"panel-2543-4-1-0\" class=\"so-panel widget_sow-image panel-first-child panel-last-child\" data-index=\"8\" ><div\n\t\t\t\n\t\t\tclass=\"so-widget-sow-image so-widget-sow-image-default-c67d20f9f743-2543\"\n\t\t\t\n\t\t>\n<div class=\"sow-image-container\">\n\t\t<img \n\tsrc=\"https:\/\/www.opes-solutions.com\/wp-content\/uploads\/2020\/12\/Jbox-4-400x400.png\" width=\"400\" height=\"400\" srcset=\"https:\/\/www.opes-solutions.com\/wp-content\/uploads\/2020\/12\/Jbox-4-400x400.png 400w, https:\/\/www.opes-solutions.com\/wp-content\/uploads\/2020\/12\/Jbox-4-768x768.png 768w, https:\/\/www.opes-solutions.com\/wp-content\/uploads\/2020\/12\/Jbox-4-150x150.png 150w, https:\/\/www.opes-solutions.com\/wp-content\/uploads\/2020\/12\/Jbox-4-151x151.png 151w, https:\/\/www.opes-solutions.com\/wp-content\/uploads\/2020\/12\/Jbox-4-200x200.png 200w, https:\/\/www.opes-solutions.com\/wp-content\/uploads\/2020\/12\/Jbox-4.png 800w\" sizes=\"(max-width: 400px) 100vw, 400px\" title=\"Jbox 4\" alt=\"\" \t\tclass=\"so-widget-image\"\/>\n\t<\/div>\n\n<\/div><\/div><\/div><\/div><\/div><div id=\"pg-2543-5\"  class=\"panel-grid panel-has-style\" ><div class=\"uk-background-muted uk-padding-large  siteorigin-panels-stretch panel-row-style panel-row-style-for-2543-5\" data-stretch-type=\"full\" ><div id=\"pgc-2543-5-0\"  class=\"panel-grid-cell\" ><div id=\"panel-2543-5-0-0\" class=\"so-panel widget_sow-editor panel-first-child panel-last-child\" data-index=\"9\" ><div\n\t\t\t\n\t\t\tclass=\"so-widget-sow-editor so-widget-sow-editor-base\"\n\t\t\t\n\t\t>\n<div class=\"siteorigin-widget-tinymce textwidget\">\n\t<p class=\"uk-h2\" style=\"text-align: center;\">\u201cOPES is one of our most valued partners. This is another great example of product innovation, this time in response to a specific need from our field service organisation.\u201d<\/p>\n<p style=\"text-align: center;\"><strong>Dr Nigel Preston<\/strong><br \/>VP Product Development<br \/><a href=\"https:\/\/www.azuri-group.com\" target=\"_blank\" rel=\"noopener noreferrer\">Azuri Technologies<\/a><\/p>\n<\/div>\n<\/div><\/div><\/div><\/div><\/div><\/div>","protected":false},"excerpt":{"rendered":"<p>Azuri Technologies ist ein f\u00fchrender Anbieter von preiswerten Pay-as-you-go Solar Home Systemen f\u00fcr Menschen in Afrika ohne Stromzugang. Durch die Kombination der neuesten Solarinnovationen und mobiler Zahlungstechnologie macht Azuri zuverl\u00e4ssige und erneuerbare Energie f\u00fcr Millionen von Menschen verf\u00fcgbar. Anforderungen Ein neues Anschlussdosendesign, das wasserdicht ist (IP64), eine Zugentlastung bietet und nicht vergossen ist. Option zum [&hellip;]<\/p>\n","protected":false},"author":3,"featured_media":0,"parent":2224,"menu_order":0,"comment_status":"closed","ping_status":"closed","template":"","meta":{"_acf_changed":false,"footnotes":""},"class_list":["post-2543","page","type-page","status-publish","hentry"],"acf":[],"yoast_head":"<!-- This site is optimized with the Yoast SEO plugin v25.2 - https:\/\/yoast.com\/wordpress\/plugins\/seo\/ -->\n<title>Spezifische Bestandteile | OPES Solutions<\/title>\n<meta name=\"robots\" content=\"index, follow, max-snippet:-1, max-image-preview:large, max-video-preview:-1\" \/>\n<link rel=\"canonical\" href=\"https:\/\/www.opes-solutions.com\/de\/individualisierung\/spezifische-bestandteile\/\" \/>\n<meta property=\"og:locale\" content=\"de_DE\" \/>\n<meta property=\"og:type\" content=\"article\" \/>\n<meta property=\"og:title\" content=\"Spezifische Bestandteile | OPES Solutions\" \/>\n<meta property=\"og:description\" content=\"Azuri Technologies ist ein f\u00fchrender Anbieter von preiswerten Pay-as-you-go Solar Home Systemen f\u00fcr Menschen in Afrika ohne Stromzugang. Durch die Kombination der neuesten Solarinnovationen und mobiler Zahlungstechnologie macht Azuri zuverl\u00e4ssige und erneuerbare Energie f\u00fcr Millionen von Menschen verf\u00fcgbar. Anforderungen Ein neues Anschlussdosendesign, das wasserdicht ist (IP64), eine Zugentlastung bietet und nicht vergossen ist. Option zum [&hellip;]\" \/>\n<meta property=\"og:url\" content=\"https:\/\/www.opes-solutions.com\/de\/individualisierung\/spezifische-bestandteile\/\" \/>\n<meta property=\"og:site_name\" content=\"OPES Solutions\" \/>\n<meta property=\"article:modified_time\" content=\"2021-04-16T13:45:57+00:00\" \/>\n<meta name=\"twitter:card\" content=\"summary_large_image\" \/>\n<meta name=\"twitter:label1\" content=\"Gesch\u00e4tzte Lesezeit\" \/>\n\t<meta name=\"twitter:data1\" content=\"1\u00a0Minute\" \/>\n<script type=\"application\/ld+json\" class=\"yoast-schema-graph\">{\"@context\":\"https:\/\/schema.org\",\"@graph\":[{\"@type\":\"WebPage\",\"@id\":\"https:\/\/www.opes-solutions.com\/de\/individualisierung\/spezifische-bestandteile\/\",\"url\":\"https:\/\/www.opes-solutions.com\/de\/individualisierung\/spezifische-bestandteile\/\",\"name\":\"Spezifische Bestandteile | OPES Solutions\",\"isPartOf\":{\"@id\":\"https:\/\/www.opes-solutions.com\/#website\"},\"datePublished\":\"2020-10-26T11:12:59+00:00\",\"dateModified\":\"2021-04-16T13:45:57+00:00\",\"breadcrumb\":{\"@id\":\"https:\/\/www.opes-solutions.com\/de\/individualisierung\/spezifische-bestandteile\/#breadcrumb\"},\"inLanguage\":\"de\",\"potentialAction\":[{\"@type\":\"ReadAction\",\"target\":[\"https:\/\/www.opes-solutions.com\/de\/individualisierung\/spezifische-bestandteile\/\"]}]},{\"@type\":\"BreadcrumbList\",\"@id\":\"https:\/\/www.opes-solutions.com\/de\/individualisierung\/spezifische-bestandteile\/#breadcrumb\",\"itemListElement\":[{\"@type\":\"ListItem\",\"position\":1,\"name\":\"Home\",\"item\":\"https:\/\/www.opes-solutions.com\/de\/\"},{\"@type\":\"ListItem\",\"position\":2,\"name\":\"Individualisierung\",\"item\":\"https:\/\/www.opes-solutions.com\/de\/individualisierung\/\"},{\"@type\":\"ListItem\",\"position\":3,\"name\":\"Spezifische Bestandteile\"}]},{\"@type\":\"WebSite\",\"@id\":\"https:\/\/www.opes-solutions.com\/#website\",\"url\":\"https:\/\/www.opes-solutions.com\/\",\"name\":\"OPES Solutions\",\"description\":\"\",\"potentialAction\":[{\"@type\":\"SearchAction\",\"target\":{\"@type\":\"EntryPoint\",\"urlTemplate\":\"https:\/\/www.opes-solutions.com\/?s={search_term_string}\"},\"query-input\":{\"@type\":\"PropertyValueSpecification\",\"valueRequired\":true,\"valueName\":\"search_term_string\"}}],\"inLanguage\":\"de\"}]}<\/script>\n<!-- \/ Yoast SEO plugin. -->","yoast_head_json":{"title":"Spezifische Bestandteile | OPES Solutions","robots":{"index":"index","follow":"follow","max-snippet":"max-snippet:-1","max-image-preview":"max-image-preview:large","max-video-preview":"max-video-preview:-1"},"canonical":"https:\/\/www.opes-solutions.com\/de\/individualisierung\/spezifische-bestandteile\/","og_locale":"de_DE","og_type":"article","og_title":"Spezifische Bestandteile | OPES Solutions","og_description":"Azuri Technologies ist ein f\u00fchrender Anbieter von preiswerten Pay-as-you-go Solar Home Systemen f\u00fcr Menschen in Afrika ohne Stromzugang. Durch die Kombination der neuesten Solarinnovationen und mobiler Zahlungstechnologie macht Azuri zuverl\u00e4ssige und erneuerbare Energie f\u00fcr Millionen von Menschen verf\u00fcgbar. Anforderungen Ein neues Anschlussdosendesign, das wasserdicht ist (IP64), eine Zugentlastung bietet und nicht vergossen ist. Option zum [&hellip;]","og_url":"https:\/\/www.opes-solutions.com\/de\/individualisierung\/spezifische-bestandteile\/","og_site_name":"OPES Solutions","article_modified_time":"2021-04-16T13:45:57+00:00","twitter_card":"summary_large_image","twitter_misc":{"Gesch\u00e4tzte Lesezeit":"1\u00a0Minute"},"schema":{"@context":"https:\/\/schema.org","@graph":[{"@type":"WebPage","@id":"https:\/\/www.opes-solutions.com\/de\/individualisierung\/spezifische-bestandteile\/","url":"https:\/\/www.opes-solutions.com\/de\/individualisierung\/spezifische-bestandteile\/","name":"Spezifische Bestandteile | OPES Solutions","isPartOf":{"@id":"https:\/\/www.opes-solutions.com\/#website"},"datePublished":"2020-10-26T11:12:59+00:00","dateModified":"2021-04-16T13:45:57+00:00","breadcrumb":{"@id":"https:\/\/www.opes-solutions.com\/de\/individualisierung\/spezifische-bestandteile\/#breadcrumb"},"inLanguage":"de","potentialAction":[{"@type":"ReadAction","target":["https:\/\/www.opes-solutions.com\/de\/individualisierung\/spezifische-bestandteile\/"]}]},{"@type":"BreadcrumbList","@id":"https:\/\/www.opes-solutions.com\/de\/individualisierung\/spezifische-bestandteile\/#breadcrumb","itemListElement":[{"@type":"ListItem","position":1,"name":"Home","item":"https:\/\/www.opes-solutions.com\/de\/"},{"@type":"ListItem","position":2,"name":"Individualisierung","item":"https:\/\/www.opes-solutions.com\/de\/individualisierung\/"},{"@type":"ListItem","position":3,"name":"Spezifische Bestandteile"}]},{"@type":"WebSite","@id":"https:\/\/www.opes-solutions.com\/#website","url":"https:\/\/www.opes-solutions.com\/","name":"OPES Solutions","description":"","potentialAction":[{"@type":"SearchAction","target":{"@type":"EntryPoint","urlTemplate":"https:\/\/www.opes-solutions.com\/?s={search_term_string}"},"query-input":{"@type":"PropertyValueSpecification","valueRequired":true,"valueName":"search_term_string"}}],"inLanguage":"de"}]}},"_links":{"self":[{"href":"https:\/\/www.opes-solutions.com\/de\/wp-json\/wp\/v2\/pages\/2543","targetHints":{"allow":["GET"]}}],"collection":[{"href":"https:\/\/www.opes-solutions.com\/de\/wp-json\/wp\/v2\/pages"}],"about":[{"href":"https:\/\/www.opes-solutions.com\/de\/wp-json\/wp\/v2\/types\/page"}],"author":[{"embeddable":true,"href":"https:\/\/www.opes-solutions.com\/de\/wp-json\/wp\/v2\/users\/3"}],"replies":[{"embeddable":true,"href":"https:\/\/www.opes-solutions.com\/de\/wp-json\/wp\/v2\/comments?post=2543"}],"version-history":[{"count":21,"href":"https:\/\/www.opes-solutions.com\/de\/wp-json\/wp\/v2\/pages\/2543\/revisions"}],"predecessor-version":[{"id":3303,"href":"https:\/\/www.opes-solutions.com\/de\/wp-json\/wp\/v2\/pages\/2543\/revisions\/3303"}],"up":[{"embeddable":true,"href":"https:\/\/www.opes-solutions.com\/de\/wp-json\/wp\/v2\/pages\/2224"}],"wp:attachment":[{"href":"https:\/\/www.opes-solutions.com\/de\/wp-json\/wp\/v2\/media?parent=2543"}],"curies":[{"name":"wp","href":"https:\/\/api.w.org\/{rel}","templated":true}]}}