{"id":2548,"date":"2020-10-26T12:21:09","date_gmt":"2020-10-26T11:21:09","guid":{"rendered":"http:\/\/dev.opes-solutions.com\/?page_id=2548"},"modified":"2021-04-16T15:43:34","modified_gmt":"2021-04-16T13:43:34","slug":"nahtlose-integration","status":"publish","type":"page","link":"https:\/\/www.opes-solutions.com\/de\/individualisierung\/nahtlose-integration\/","title":{"rendered":"Nahtlose Integration"},"content":{"rendered":"<div id=\"pl-2548\"  class=\"panel-layout\" ><div id=\"pg-2548-0\"  class=\"panel-grid panel-has-style\" ><div class=\"uk-background-muted uk-padding-large  siteorigin-panels-stretch panel-row-style panel-row-style-for-2548-0\" data-stretch-type=\"full\" ><div id=\"pgc-2548-0-0\"  class=\"panel-grid-cell\" ><div id=\"panel-2548-0-0-0\" class=\"so-panel widget_sow-editor panel-first-child panel-last-child\" data-index=\"0\" ><div\n\t\t\t\n\t\t\tclass=\"so-widget-sow-editor so-widget-sow-editor-base\"\n\t\t\t\n\t\t>\n<div class=\"siteorigin-widget-tinymce textwidget\">\n\t<p style=\"text-align: center;\">\u00a0LifeLadder von <strong>Port-Safety<\/strong> verbessert die Sicherheit in H\u00e4fen durch erh\u00f6hte\u00a0Sichtbarkeit. Durch die hellgelben Leiter-Elemente sowie die solare LED Beleuchtung ist die LifeLadder sowohl tags\u00fcber als auch nachts gut sichtbar.<\/p>\n<\/div>\n<\/div><\/div><\/div><\/div><\/div><div id=\"pg-2548-1\"  class=\"panel-grid panel-has-style\" ><div class=\"siteorigin-panels-stretch panel-row-style panel-row-style-for-2548-1\" data-stretch-type=\"full\" ><div id=\"pgc-2548-1-0\"  class=\"panel-grid-cell\" ><div id=\"panel-2548-1-0-0\" class=\"so-panel widget_sow-editor panel-first-child panel-last-child\" data-index=\"1\" ><div\n\t\t\t\n\t\t\tclass=\"so-widget-sow-editor so-widget-sow-editor-base\"\n\t\t\t\n\t\t>\n<div class=\"siteorigin-widget-tinymce textwidget\">\n\t<h5 class=\"uk-h1 uk-h2\"><span style=\"color: #8fc31f;\"><span style=\"caret-color: #8fc31f;\"><b>Anforderungen<\/b><\/span><\/span><\/h5>\n<ul>\n<li>Eingebettetes Solar Panel in die oberste Stufe der Leiter<\/li>\n<li>Tritt- und rutschfest<\/li>\n<li>Hohe und verl\u00e4ssliche Qualit\u00e4t, da es sich um Sicherheitsausr\u00fcstung handelt<\/li>\n<li>Auch f\u00fcr Breitengrade n\u00f6rdlich des Polarkreises<\/li>\n<\/ul>\n<\/div>\n<\/div><\/div><\/div><div id=\"pgc-2548-1-1\"  class=\"panel-grid-cell\" ><div id=\"panel-2548-1-1-0\" class=\"so-panel widget_sow-image panel-first-child panel-last-child\" data-index=\"2\" ><div\n\t\t\t\n\t\t\tclass=\"so-widget-sow-image so-widget-sow-image-default-c67d20f9f743-2548\"\n\t\t\t\n\t\t>\n<div class=\"sow-image-container\">\n\t\t<img \n\tsrc=\"https:\/\/www.opes-solutions.com\/wp-content\/uploads\/2020\/10\/LifeLadder_LightUnit_w-text.png\" width=\"1559\" height=\"757\" srcset=\"https:\/\/www.opes-solutions.com\/wp-content\/uploads\/2020\/10\/LifeLadder_LightUnit_w-text.png 1559w, https:\/\/www.opes-solutions.com\/wp-content\/uploads\/2020\/10\/LifeLadder_LightUnit_w-text-960x466.png 960w, https:\/\/www.opes-solutions.com\/wp-content\/uploads\/2020\/10\/LifeLadder_LightUnit_w-text-768x373.png 768w, https:\/\/www.opes-solutions.com\/wp-content\/uploads\/2020\/10\/LifeLadder_LightUnit_w-text-1536x746.png 1536w, https:\/\/www.opes-solutions.com\/wp-content\/uploads\/2020\/10\/LifeLadder_LightUnit_w-text-151x73.png 151w\" sizes=\"(max-width: 1559px) 100vw, 1559px\" alt=\"LifeLadder_LightUnit_w text\" \t\tclass=\"so-widget-image\"\/>\n\t<\/div>\n\n<\/div><\/div><\/div><\/div><\/div><div id=\"pg-2548-2\"  class=\"panel-grid panel-has-style\" ><div class=\"siteorigin-panels-stretch panel-row-style panel-row-style-for-2548-2\" data-stretch-type=\"full\" ><div id=\"pgc-2548-2-0\"  class=\"panel-grid-cell\" ><div id=\"panel-2548-2-0-0\" class=\"so-panel widget_sow-editor panel-first-child panel-last-child\" data-index=\"3\" ><div\n\t\t\t\n\t\t\tclass=\"so-widget-sow-editor so-widget-sow-editor-base\"\n\t\t\t\n\t\t>\n<div class=\"siteorigin-widget-tinymce textwidget\">\n\t<h5 class=\"uk-h1 uk-h2\"><span style=\"color: #8fc31f;\"><span style=\"caret-color: #8fc31f;\"><b>Kundenorientiertes Engineering<\/b><\/span><\/span><\/h5>\n<ul>\n<li>Output von 4.3 W<\/li>\n<li>2.5 mm Floated Glass auf der R\u00fcckseite sorgt f\u00fcr die ben\u00f6tigte Robustheit<\/li>\n<li>3.2 mm Tempered Glass auf der Vorderseite<\/li>\n<li>Die innere EVA-Schicht sorgt f\u00fcr die gew\u00fcnschte schwarze \u00c4sthetik<\/li>\n<\/ul>\n<\/div>\n<\/div><\/div><\/div><div id=\"pgc-2548-2-1\"  class=\"panel-grid-cell\" ><div id=\"panel-2548-2-1-0\" class=\"so-panel widget_sow-image panel-first-child panel-last-child\" data-index=\"4\" ><div\n\t\t\t\n\t\t\tclass=\"so-widget-sow-image so-widget-sow-image-default-c67d20f9f743-2548\"\n\t\t\t\n\t\t>\n<div class=\"sow-image-container\">\n\t\t<img \n\tsrc=\"https:\/\/www.opes-solutions.com\/wp-content\/uploads\/2020\/10\/LightUnit_OPES_Closeup-scaled.jpg\" width=\"1920\" height=\"1440\" srcset=\"https:\/\/www.opes-solutions.com\/wp-content\/uploads\/2020\/10\/LightUnit_OPES_Closeup-scaled.jpg 1920w, https:\/\/www.opes-solutions.com\/wp-content\/uploads\/2020\/10\/LightUnit_OPES_Closeup-960x720.jpg 960w, https:\/\/www.opes-solutions.com\/wp-content\/uploads\/2020\/10\/LightUnit_OPES_Closeup-768x576.jpg 768w, https:\/\/www.opes-solutions.com\/wp-content\/uploads\/2020\/10\/LightUnit_OPES_Closeup-1536x1152.jpg 1536w, https:\/\/www.opes-solutions.com\/wp-content\/uploads\/2020\/10\/LightUnit_OPES_Closeup-2048x1536.jpg 2048w, https:\/\/www.opes-solutions.com\/wp-content\/uploads\/2020\/10\/LightUnit_OPES_Closeup-151x113.jpg 151w\" sizes=\"(max-width: 1920px) 100vw, 1920px\" alt=\"LightUnit_OPES_Closeup\" \t\tclass=\"so-widget-image\"\/>\n\t<\/div>\n\n<\/div><\/div><\/div><\/div><\/div><div id=\"pg-2548-3\"  class=\"panel-grid panel-has-style\" ><div class=\"siteorigin-panels-stretch panel-row-style panel-row-style-for-2548-3\" data-stretch-type=\"full\" ><div id=\"pgc-2548-3-0\"  class=\"panel-grid-cell\" ><div id=\"panel-2548-3-0-0\" class=\"so-panel widget_sow-editor panel-first-child panel-last-child\" data-index=\"5\" ><div\n\t\t\t\n\t\t\tclass=\"so-widget-sow-editor so-widget-sow-editor-base\"\n\t\t\t\n\t\t>\n<div class=\"siteorigin-widget-tinymce textwidget\">\n\t<h5 class=\"uk-h1 uk-h2\"><span style=\"color: #8fc31f;\"><span style=\"caret-color: #8fc31f;\"><b>Solution<\/b><\/span><\/span><\/h5>\n<ul>\n<li>Wasserdichtes und robustes Off-Grid-Solarmodul<\/li>\n<li>Nahtlos integriertes Solarpanel<\/li>\n<li>Salzwasserresistente Konstruktion<\/li>\n<li>Funktioniert in rauer Umgebung<\/li>\n<\/ul>\n<\/div>\n<\/div><\/div><\/div><div id=\"pgc-2548-3-1\"  class=\"panel-grid-cell\" ><div id=\"panel-2548-3-1-0\" class=\"so-panel widget_sow-image panel-first-child panel-last-child\" data-index=\"6\" ><div\n\t\t\t\n\t\t\tclass=\"so-widget-sow-image so-widget-sow-image-default-c67d20f9f743-2548\"\n\t\t\t\n\t\t>\n<div class=\"sow-image-container\">\n\t\t<img \n\tsrc=\"https:\/\/www.opes-solutions.com\/wp-content\/uploads\/2020\/10\/LifeLadder_03.jpg\" width=\"1920\" height=\"1080\" srcset=\"https:\/\/www.opes-solutions.com\/wp-content\/uploads\/2020\/10\/LifeLadder_03.jpg 1920w, https:\/\/www.opes-solutions.com\/wp-content\/uploads\/2020\/10\/LifeLadder_03-960x540.jpg 960w, https:\/\/www.opes-solutions.com\/wp-content\/uploads\/2020\/10\/LifeLadder_03-768x432.jpg 768w, https:\/\/www.opes-solutions.com\/wp-content\/uploads\/2020\/10\/LifeLadder_03-1536x864.jpg 1536w, https:\/\/www.opes-solutions.com\/wp-content\/uploads\/2020\/10\/LifeLadder_03-151x85.jpg 151w\" sizes=\"(max-width: 1920px) 100vw, 1920px\" alt=\"LifeLadder\" \t\tclass=\"so-widget-image\"\/>\n\t<\/div>\n\n<\/div><\/div><\/div><\/div><\/div><div id=\"pg-2548-4\"  class=\"panel-grid panel-has-style\" ><div class=\"uk-background-muted uk-padding-large  siteorigin-panels-stretch panel-row-style panel-row-style-for-2548-4\" data-stretch-type=\"full\" ><div id=\"pgc-2548-4-0\"  class=\"panel-grid-cell\" ><div id=\"panel-2548-4-0-0\" class=\"so-panel widget_sow-editor panel-first-child panel-last-child\" data-index=\"7\" ><div\n\t\t\t\n\t\t\tclass=\"so-widget-sow-editor so-widget-sow-editor-base\"\n\t\t\t\n\t\t>\n<div class=\"siteorigin-widget-tinymce textwidget\">\n\t<p class=\"uk-h2\" style=\"text-align: center;\">\u201cWhen dealing with safety equipment, quality is crucial.<\/p>\n<p class=\"uk-h2\" style=\"text-align: center;\">And we are very pleased with the products supplied by OPES Solutions\u201d<\/p>\n<p style=\"text-align: center;\"><strong>Lars Techt Myrh\u00f8j<\/strong><br \/>Operations Director &amp; Founder<br \/><a href=\"https:\/\/port-safety.com\" target=\"_blank\" rel=\"noopener noreferrer\">Port-Safety<\/a><\/p>\n<\/div>\n<\/div><\/div><\/div><\/div><\/div><\/div>","protected":false},"excerpt":{"rendered":"<p>\u00a0LifeLadder von Port-Safety verbessert die Sicherheit in H\u00e4fen durch erh\u00f6hte\u00a0Sichtbarkeit. Durch die hellgelben Leiter-Elemente sowie die solare LED Beleuchtung ist die LifeLadder sowohl tags\u00fcber als auch nachts gut sichtbar. Anforderungen Eingebettetes Solar Panel in die oberste Stufe der Leiter Tritt- und rutschfest Hohe und verl\u00e4ssliche Qualit\u00e4t, da es sich um Sicherheitsausr\u00fcstung handelt Auch f\u00fcr Breitengrade [&hellip;]<\/p>\n","protected":false},"author":3,"featured_media":0,"parent":2224,"menu_order":0,"comment_status":"closed","ping_status":"closed","template":"","meta":{"_acf_changed":false,"footnotes":""},"class_list":["post-2548","page","type-page","status-publish","hentry"],"acf":[],"yoast_head":"<!-- This site is optimized with the Yoast SEO plugin v25.2 - https:\/\/yoast.com\/wordpress\/plugins\/seo\/ -->\n<title>Nahtlose Integration | OPES Solutions<\/title>\n<meta name=\"robots\" content=\"index, follow, max-snippet:-1, max-image-preview:large, max-video-preview:-1\" \/>\n<link rel=\"canonical\" href=\"https:\/\/www.opes-solutions.com\/de\/individualisierung\/nahtlose-integration\/\" \/>\n<meta property=\"og:locale\" content=\"de_DE\" \/>\n<meta property=\"og:type\" content=\"article\" \/>\n<meta property=\"og:title\" content=\"Nahtlose Integration | OPES Solutions\" \/>\n<meta property=\"og:description\" content=\"\u00a0LifeLadder von Port-Safety verbessert die Sicherheit in H\u00e4fen durch erh\u00f6hte\u00a0Sichtbarkeit. Durch die hellgelben Leiter-Elemente sowie die solare LED Beleuchtung ist die LifeLadder sowohl tags\u00fcber als auch nachts gut sichtbar. Anforderungen Eingebettetes Solar Panel in die oberste Stufe der Leiter Tritt- und rutschfest Hohe und verl\u00e4ssliche Qualit\u00e4t, da es sich um Sicherheitsausr\u00fcstung handelt Auch f\u00fcr Breitengrade [&hellip;]\" \/>\n<meta property=\"og:url\" content=\"https:\/\/www.opes-solutions.com\/de\/individualisierung\/nahtlose-integration\/\" \/>\n<meta property=\"og:site_name\" content=\"OPES Solutions\" \/>\n<meta property=\"article:modified_time\" content=\"2021-04-16T13:43:34+00:00\" \/>\n<meta name=\"twitter:card\" content=\"summary_large_image\" \/>\n<meta name=\"twitter:label1\" content=\"Gesch\u00e4tzte Lesezeit\" \/>\n\t<meta name=\"twitter:data1\" content=\"1\u00a0Minute\" \/>\n<script type=\"application\/ld+json\" class=\"yoast-schema-graph\">{\"@context\":\"https:\/\/schema.org\",\"@graph\":[{\"@type\":\"WebPage\",\"@id\":\"https:\/\/www.opes-solutions.com\/de\/individualisierung\/nahtlose-integration\/\",\"url\":\"https:\/\/www.opes-solutions.com\/de\/individualisierung\/nahtlose-integration\/\",\"name\":\"Nahtlose Integration | OPES Solutions\",\"isPartOf\":{\"@id\":\"https:\/\/www.opes-solutions.com\/#website\"},\"datePublished\":\"2020-10-26T11:21:09+00:00\",\"dateModified\":\"2021-04-16T13:43:34+00:00\",\"breadcrumb\":{\"@id\":\"https:\/\/www.opes-solutions.com\/de\/individualisierung\/nahtlose-integration\/#breadcrumb\"},\"inLanguage\":\"de\",\"potentialAction\":[{\"@type\":\"ReadAction\",\"target\":[\"https:\/\/www.opes-solutions.com\/de\/individualisierung\/nahtlose-integration\/\"]}]},{\"@type\":\"BreadcrumbList\",\"@id\":\"https:\/\/www.opes-solutions.com\/de\/individualisierung\/nahtlose-integration\/#breadcrumb\",\"itemListElement\":[{\"@type\":\"ListItem\",\"position\":1,\"name\":\"Home\",\"item\":\"https:\/\/www.opes-solutions.com\/de\/\"},{\"@type\":\"ListItem\",\"position\":2,\"name\":\"Individualisierung\",\"item\":\"https:\/\/www.opes-solutions.com\/de\/individualisierung\/\"},{\"@type\":\"ListItem\",\"position\":3,\"name\":\"Nahtlose Integration\"}]},{\"@type\":\"WebSite\",\"@id\":\"https:\/\/www.opes-solutions.com\/#website\",\"url\":\"https:\/\/www.opes-solutions.com\/\",\"name\":\"OPES Solutions\",\"description\":\"\",\"potentialAction\":[{\"@type\":\"SearchAction\",\"target\":{\"@type\":\"EntryPoint\",\"urlTemplate\":\"https:\/\/www.opes-solutions.com\/?s={search_term_string}\"},\"query-input\":{\"@type\":\"PropertyValueSpecification\",\"valueRequired\":true,\"valueName\":\"search_term_string\"}}],\"inLanguage\":\"de\"}]}<\/script>\n<!-- \/ Yoast SEO plugin. -->","yoast_head_json":{"title":"Nahtlose Integration | OPES Solutions","robots":{"index":"index","follow":"follow","max-snippet":"max-snippet:-1","max-image-preview":"max-image-preview:large","max-video-preview":"max-video-preview:-1"},"canonical":"https:\/\/www.opes-solutions.com\/de\/individualisierung\/nahtlose-integration\/","og_locale":"de_DE","og_type":"article","og_title":"Nahtlose Integration | OPES Solutions","og_description":"\u00a0LifeLadder von Port-Safety verbessert die Sicherheit in H\u00e4fen durch erh\u00f6hte\u00a0Sichtbarkeit. Durch die hellgelben Leiter-Elemente sowie die solare LED Beleuchtung ist die LifeLadder sowohl tags\u00fcber als auch nachts gut sichtbar. Anforderungen Eingebettetes Solar Panel in die oberste Stufe der Leiter Tritt- und rutschfest Hohe und verl\u00e4ssliche Qualit\u00e4t, da es sich um Sicherheitsausr\u00fcstung handelt Auch f\u00fcr Breitengrade [&hellip;]","og_url":"https:\/\/www.opes-solutions.com\/de\/individualisierung\/nahtlose-integration\/","og_site_name":"OPES Solutions","article_modified_time":"2021-04-16T13:43:34+00:00","twitter_card":"summary_large_image","twitter_misc":{"Gesch\u00e4tzte Lesezeit":"1\u00a0Minute"},"schema":{"@context":"https:\/\/schema.org","@graph":[{"@type":"WebPage","@id":"https:\/\/www.opes-solutions.com\/de\/individualisierung\/nahtlose-integration\/","url":"https:\/\/www.opes-solutions.com\/de\/individualisierung\/nahtlose-integration\/","name":"Nahtlose Integration | OPES Solutions","isPartOf":{"@id":"https:\/\/www.opes-solutions.com\/#website"},"datePublished":"2020-10-26T11:21:09+00:00","dateModified":"2021-04-16T13:43:34+00:00","breadcrumb":{"@id":"https:\/\/www.opes-solutions.com\/de\/individualisierung\/nahtlose-integration\/#breadcrumb"},"inLanguage":"de","potentialAction":[{"@type":"ReadAction","target":["https:\/\/www.opes-solutions.com\/de\/individualisierung\/nahtlose-integration\/"]}]},{"@type":"BreadcrumbList","@id":"https:\/\/www.opes-solutions.com\/de\/individualisierung\/nahtlose-integration\/#breadcrumb","itemListElement":[{"@type":"ListItem","position":1,"name":"Home","item":"https:\/\/www.opes-solutions.com\/de\/"},{"@type":"ListItem","position":2,"name":"Individualisierung","item":"https:\/\/www.opes-solutions.com\/de\/individualisierung\/"},{"@type":"ListItem","position":3,"name":"Nahtlose Integration"}]},{"@type":"WebSite","@id":"https:\/\/www.opes-solutions.com\/#website","url":"https:\/\/www.opes-solutions.com\/","name":"OPES Solutions","description":"","potentialAction":[{"@type":"SearchAction","target":{"@type":"EntryPoint","urlTemplate":"https:\/\/www.opes-solutions.com\/?s={search_term_string}"},"query-input":{"@type":"PropertyValueSpecification","valueRequired":true,"valueName":"search_term_string"}}],"inLanguage":"de"}]}},"_links":{"self":[{"href":"https:\/\/www.opes-solutions.com\/de\/wp-json\/wp\/v2\/pages\/2548","targetHints":{"allow":["GET"]}}],"collection":[{"href":"https:\/\/www.opes-solutions.com\/de\/wp-json\/wp\/v2\/pages"}],"about":[{"href":"https:\/\/www.opes-solutions.com\/de\/wp-json\/wp\/v2\/types\/page"}],"author":[{"embeddable":true,"href":"https:\/\/www.opes-solutions.com\/de\/wp-json\/wp\/v2\/users\/3"}],"replies":[{"embeddable":true,"href":"https:\/\/www.opes-solutions.com\/de\/wp-json\/wp\/v2\/comments?post=2548"}],"version-history":[{"count":13,"href":"https:\/\/www.opes-solutions.com\/de\/wp-json\/wp\/v2\/pages\/2548\/revisions"}],"predecessor-version":[{"id":3297,"href":"https:\/\/www.opes-solutions.com\/de\/wp-json\/wp\/v2\/pages\/2548\/revisions\/3297"}],"up":[{"embeddable":true,"href":"https:\/\/www.opes-solutions.com\/de\/wp-json\/wp\/v2\/pages\/2224"}],"wp:attachment":[{"href":"https:\/\/www.opes-solutions.com\/de\/wp-json\/wp\/v2\/media?parent=2548"}],"curies":[{"name":"wp","href":"https:\/\/api.w.org\/{rel}","templated":true}]}}