{"id":2551,"date":"2020-10-26T12:29:19","date_gmt":"2020-10-26T11:29:19","guid":{"rendered":"http:\/\/dev.opes-solutions.com\/?page_id=2551"},"modified":"2021-04-16T15:44:40","modified_gmt":"2021-04-16T13:44:40","slug":"angepasstes-montagessystem","status":"publish","type":"page","link":"https:\/\/www.opes-solutions.com\/de\/individualisierung\/angepasstes-montagessystem\/","title":{"rendered":"Angepasstes Montagessystem"},"content":{"rendered":"<div id=\"pl-2551\"  class=\"panel-layout\" ><div id=\"pg-2551-0\"  class=\"panel-grid panel-has-style\" ><div class=\"uk-background-muted uk-padding-large  siteorigin-panels-stretch panel-row-style panel-row-style-for-2551-0\" data-stretch-type=\"full\" ><div id=\"pgc-2551-0-0\"  class=\"panel-grid-cell\" ><div id=\"panel-2551-0-0-0\" class=\"so-panel widget_sow-editor panel-first-child panel-last-child\" data-index=\"0\" ><div\n\t\t\t\n\t\t\tclass=\"so-widget-sow-editor so-widget-sow-editor-base\"\n\t\t\t\n\t\t>\n<div class=\"siteorigin-widget-tinymce textwidget\">\n\t<p>&nbsp;<\/p>\n<p><strong>LORENTZ Technology<\/strong> nutzt die Kraft der Sonne, um Wasser zu pumpen und damit das Leben von Millionen von Menschen, ihr Vieh und ihre Ernten zu erhalten und zu verbessern.<br \/>\nsmartTAP-Wasserspender sind sehr einfach zu bedienen, was zu einer nahezu sofortigen Akzeptanz beim Anwender f\u00fchrt. Das grafische Display verwendet Symbole anstelle von Worten und h\u00e4lt den Benutzer \u00fcber den Status auf dem Laufenden.<\/p>\n<\/div>\n<\/div><\/div><\/div><\/div><\/div><div id=\"pg-2551-1\"  class=\"panel-grid panel-has-style\" ><div class=\"siteorigin-panels-stretch panel-row-style panel-row-style-for-2551-1\" data-stretch-type=\"full\" ><div id=\"pgc-2551-1-0\"  class=\"panel-grid-cell\" ><div id=\"panel-2551-1-0-0\" class=\"so-panel widget_sow-editor panel-first-child panel-last-child\" data-index=\"1\" ><div\n\t\t\t\n\t\t\tclass=\"so-widget-sow-editor so-widget-sow-editor-base\"\n\t\t\t\n\t\t>\n<div class=\"siteorigin-widget-tinymce textwidget\">\n\t<p>&nbsp;<\/p>\n<h5 class=\"uk-h1 uk-h2\"><span style=\"color: #8fc31f;\"><span style=\"caret-color: #8fc31f;\"><b>Anforderungen<\/b><\/span><\/span><\/h5>\n<ul>\n<li>Das bestehende Befestigungssystem ist \u00fcberdimensioniert und kostenintensiver.<\/li>\n<li>Es kann nicht an jedem Mast befestigt werden<\/li>\n<li>Transport und Installation sind umst\u00e4ndlich<\/li>\n<\/ul>\n<\/div>\n<\/div><\/div><\/div><div id=\"pgc-2551-1-1\"  class=\"panel-grid-cell\" ><div id=\"panel-2551-1-1-0\" class=\"so-panel widget_sow-image panel-first-child panel-last-child\" data-index=\"2\" ><div\n\t\t\t\n\t\t\tclass=\"so-widget-sow-image so-widget-sow-image-default-c67d20f9f743-2551\"\n\t\t\t\n\t\t>\n<div class=\"sow-image-container\">\n\t\t<img \n\tsrc=\"https:\/\/www.opes-solutions.com\/wp-content\/uploads\/2020\/11\/old-system-in-africa_new.jpg\" width=\"400\" height=\"215\" srcset=\"https:\/\/www.opes-solutions.com\/wp-content\/uploads\/2020\/11\/old-system-in-africa_new.jpg 400w, https:\/\/www.opes-solutions.com\/wp-content\/uploads\/2020\/11\/old-system-in-africa_new-151x81.jpg 151w\" sizes=\"(max-width: 400px) 100vw, 400px\" alt=\"old mounting system\" \t\tclass=\"so-widget-image\"\/>\n\t<\/div>\n\n<\/div><\/div><\/div><\/div><\/div><div id=\"pg-2551-2\"  class=\"panel-grid panel-has-style\" ><div class=\"siteorigin-panels-stretch panel-row-style panel-row-style-for-2551-2\" data-stretch-type=\"full\" ><div id=\"pgc-2551-2-0\"  class=\"panel-grid-cell\" ><div id=\"panel-2551-2-0-0\" class=\"so-panel widget_sow-editor panel-first-child panel-last-child\" data-index=\"3\" ><div\n\t\t\t\n\t\t\tclass=\"so-widget-sow-editor so-widget-sow-editor-base\"\n\t\t\t\n\t\t>\n<div class=\"siteorigin-widget-tinymce textwidget\">\n\t<p>&nbsp;<\/p>\n<h5 class=\"uk-h1 uk-h2\"><span style=\"color: #8fc31f;\"><span style=\"caret-color: #8fc31f;\"><b>Kundenorientiertes Engineering<\/b><\/span><\/span><\/h5>\n<p>Um die beste L\u00f6sung zu finden, begannen wir mit der Entwicklung neuer Optionen.<\/p>\n<ul>\n<li>A. Nutzung des aktuellen Montagesystems mit dem T-Frame Moduls zur besseren Selbstreinigung<\/li>\n<li>B. Kleineres und modulares System zur Senkung der Materialkosten und f\u00fcr einfacheren Transport<\/li>\n<li>C. Rahmenloses Solarpanel zur Gewichtsreduktion mit geklebten Befestigungssystem zur vereinfachten Installation<\/li>\n<li>D.\u00a0Einfache Befestigung mit Schellensystem f\u00fcr verschiedene Mastst\u00e4rken<\/li>\n<\/ul>\n<p>Wir haben durch Recherche und Tests der jeweiligen Optionen m\u00f6gliche Verbesserung gefunden. Dies half uns, eine \u00fcberlegene L\u00f6sung zu entwickeln, die alle Optimierungen kombiniert.<\/p>\n<\/div>\n<\/div><\/div><\/div><div id=\"pgc-2551-2-1\"  class=\"panel-grid-cell\" ><div id=\"panel-2551-2-1-0\" class=\"so-panel widget_sow-image panel-first-child panel-last-child\" data-index=\"4\" ><div\n\t\t\t\n\t\t\tclass=\"so-widget-sow-image so-widget-sow-image-default-c67d20f9f743-2551\"\n\t\t\t\n\t\t>\n<div class=\"sow-image-container\">\n\t\t<img \n\tsrc=\"https:\/\/www.opes-solutions.com\/wp-content\/uploads\/2020\/11\/different-options_new.jpg\" width=\"657\" height=\"473\" srcset=\"https:\/\/www.opes-solutions.com\/wp-content\/uploads\/2020\/11\/different-options_new.jpg 657w, https:\/\/www.opes-solutions.com\/wp-content\/uploads\/2020\/11\/different-options_new-151x109.jpg 151w\" sizes=\"(max-width: 657px) 100vw, 657px\" alt=\"different options for solar module mounting system\" \t\tclass=\"so-widget-image\"\/>\n\t<\/div>\n\n<\/div><\/div><\/div><\/div><\/div><div id=\"pg-2551-3\"  class=\"panel-grid panel-has-style\" ><div class=\"siteorigin-panels-stretch panel-row-style panel-row-style-for-2551-3\" data-stretch-type=\"full\" ><div id=\"pgc-2551-3-0\"  class=\"panel-grid-cell\" ><div id=\"panel-2551-3-0-0\" class=\"so-panel widget_sow-editor panel-first-child panel-last-child\" data-index=\"5\" ><div\n\t\t\t\n\t\t\tclass=\"so-widget-sow-editor so-widget-sow-editor-base\"\n\t\t\t\n\t\t>\n<div class=\"siteorigin-widget-tinymce textwidget\">\n\t<p>&nbsp;<\/p>\n<h5 class=\"uk-h1 uk-h2\"><span style=\"color: #8fc31f;\"><span style=\"caret-color: #8fc31f;\"><b>Solution<\/b><\/span><\/span><\/h5>\n<p>Eine Integration von Solar Panel und Montagesystem erm\u00f6glicht eine einfachere und schnellere Montage.<\/p>\n<ul>\n<li>48% Kosteneinsparung<\/li>\n<li>70% Zeiteinsparung bei Installation<\/li>\n<li>Vereinfachte Montage<\/li>\n<li>Bessere Selbstreinigung des Solarmoduls<\/li>\n<\/ul>\n<\/div>\n<\/div><\/div><\/div><div id=\"pgc-2551-3-1\"  class=\"panel-grid-cell\" ><div id=\"panel-2551-3-1-0\" class=\"so-panel widget_sow-image panel-first-child panel-last-child\" data-index=\"6\" ><div\n\t\t\t\n\t\t\tclass=\"so-widget-sow-image so-widget-sow-image-default-c67d20f9f743-2551\"\n\t\t\t\n\t\t>\n<div class=\"sow-image-container\">\n\t\t<img \n\tsrc=\"https:\/\/www.opes-solutions.com\/wp-content\/uploads\/2020\/10\/IMG_5941_pole-removed-reduced-600x600-1-400x400.jpg\" width=\"400\" height=\"400\" srcset=\"https:\/\/www.opes-solutions.com\/wp-content\/uploads\/2020\/10\/IMG_5941_pole-removed-reduced-600x600-1-400x400.jpg 400w, https:\/\/www.opes-solutions.com\/wp-content\/uploads\/2020\/10\/IMG_5941_pole-removed-reduced-600x600-1-150x150.jpg 150w, https:\/\/www.opes-solutions.com\/wp-content\/uploads\/2020\/10\/IMG_5941_pole-removed-reduced-600x600-1-151x151.jpg 151w, https:\/\/www.opes-solutions.com\/wp-content\/uploads\/2020\/10\/IMG_5941_pole-removed-reduced-600x600-1-200x200.jpg 200w, https:\/\/www.opes-solutions.com\/wp-content\/uploads\/2020\/10\/IMG_5941_pole-removed-reduced-600x600-1.jpg 600w\" sizes=\"(max-width: 400px) 100vw, 400px\" title=\"Water dispenser\" alt=\"solar panel on OPES mounting system\" \t\tclass=\"so-widget-image\"\/>\n\t<\/div>\n\n<\/div><\/div><\/div><\/div><\/div><div id=\"pg-2551-4\"  class=\"panel-grid panel-has-style\" ><div class=\"uk-background-muted uk-padding-large  siteorigin-panels-stretch panel-row-style panel-row-style-for-2551-4\" data-stretch-type=\"full\" ><div id=\"pgc-2551-4-0\"  class=\"panel-grid-cell\" ><div id=\"panel-2551-4-0-0\" class=\"so-panel widget_sow-editor panel-first-child panel-last-child\" data-index=\"7\" ><div\n\t\t\t\n\t\t\tclass=\"so-widget-sow-editor so-widget-sow-editor-base\"\n\t\t\t\n\t\t>\n<div class=\"siteorigin-widget-tinymce textwidget\">\n\t<p>&nbsp;<\/p>\n<p class=\"uk-h2\" style=\"text-align: center;\">\u201cOPES worked closely with our engineering team to come up with a solution that fitted our requirements for a simple and flexible to install, light weight, easy to transported power solution for the LORENTZ smartTAP Water Dispenser. The resulting efficient PV solution matches well with the efficient design of our dispenser, we are very pleased with this collaboration\u201d<\/p>\n<p style=\"text-align: center;\"><strong>Adrian Honey<\/strong><br \/>\nHead of Marketing<br \/>\n<a href=\"https:\/\/www.lorentz.de\" target=\"_blank\" rel=\"noopener noreferrer\">LORENTZ<\/a><\/p>\n<\/div>\n<\/div><\/div><\/div><\/div><\/div><\/div>","protected":false},"excerpt":{"rendered":"<p>&nbsp; LORENTZ Technology nutzt die Kraft der Sonne, um Wasser zu pumpen und damit das Leben von Millionen von Menschen, ihr Vieh und ihre Ernten zu erhalten und zu verbessern. smartTAP-Wasserspender sind sehr einfach zu bedienen, was zu einer nahezu sofortigen Akzeptanz beim Anwender f\u00fchrt. Das grafische Display verwendet Symbole anstelle von Worten und h\u00e4lt [&hellip;]<\/p>\n","protected":false},"author":3,"featured_media":0,"parent":2224,"menu_order":0,"comment_status":"closed","ping_status":"closed","template":"","meta":{"_acf_changed":false,"footnotes":""},"class_list":["post-2551","page","type-page","status-publish","hentry"],"acf":[],"yoast_head":"<!-- This site is optimized with the Yoast SEO plugin v25.2 - https:\/\/yoast.com\/wordpress\/plugins\/seo\/ -->\n<title>Angepasstes Montagessystem | OPES Solutions<\/title>\n<meta name=\"robots\" content=\"index, follow, max-snippet:-1, max-image-preview:large, max-video-preview:-1\" \/>\n<link rel=\"canonical\" href=\"https:\/\/www.opes-solutions.com\/de\/individualisierung\/angepasstes-montagessystem\/\" \/>\n<meta property=\"og:locale\" content=\"de_DE\" \/>\n<meta property=\"og:type\" content=\"article\" \/>\n<meta property=\"og:title\" content=\"Angepasstes Montagessystem | OPES Solutions\" \/>\n<meta property=\"og:description\" content=\"&nbsp; LORENTZ Technology nutzt die Kraft der Sonne, um Wasser zu pumpen und damit das Leben von Millionen von Menschen, ihr Vieh und ihre Ernten zu erhalten und zu verbessern. smartTAP-Wasserspender sind sehr einfach zu bedienen, was zu einer nahezu sofortigen Akzeptanz beim Anwender f\u00fchrt. Das grafische Display verwendet Symbole anstelle von Worten und h\u00e4lt [&hellip;]\" \/>\n<meta property=\"og:url\" content=\"https:\/\/www.opes-solutions.com\/de\/individualisierung\/angepasstes-montagessystem\/\" \/>\n<meta property=\"og:site_name\" content=\"OPES Solutions\" \/>\n<meta property=\"article:modified_time\" content=\"2021-04-16T13:44:40+00:00\" \/>\n<meta name=\"twitter:card\" content=\"summary_large_image\" \/>\n<meta name=\"twitter:label1\" content=\"Gesch\u00e4tzte Lesezeit\" \/>\n\t<meta name=\"twitter:data1\" content=\"1\u00a0Minute\" \/>\n<script type=\"application\/ld+json\" class=\"yoast-schema-graph\">{\"@context\":\"https:\/\/schema.org\",\"@graph\":[{\"@type\":\"WebPage\",\"@id\":\"https:\/\/www.opes-solutions.com\/de\/individualisierung\/angepasstes-montagessystem\/\",\"url\":\"https:\/\/www.opes-solutions.com\/de\/individualisierung\/angepasstes-montagessystem\/\",\"name\":\"Angepasstes Montagessystem | OPES Solutions\",\"isPartOf\":{\"@id\":\"https:\/\/www.opes-solutions.com\/#website\"},\"datePublished\":\"2020-10-26T11:29:19+00:00\",\"dateModified\":\"2021-04-16T13:44:40+00:00\",\"breadcrumb\":{\"@id\":\"https:\/\/www.opes-solutions.com\/de\/individualisierung\/angepasstes-montagessystem\/#breadcrumb\"},\"inLanguage\":\"de\",\"potentialAction\":[{\"@type\":\"ReadAction\",\"target\":[\"https:\/\/www.opes-solutions.com\/de\/individualisierung\/angepasstes-montagessystem\/\"]}]},{\"@type\":\"BreadcrumbList\",\"@id\":\"https:\/\/www.opes-solutions.com\/de\/individualisierung\/angepasstes-montagessystem\/#breadcrumb\",\"itemListElement\":[{\"@type\":\"ListItem\",\"position\":1,\"name\":\"Home\",\"item\":\"https:\/\/www.opes-solutions.com\/de\/\"},{\"@type\":\"ListItem\",\"position\":2,\"name\":\"Individualisierung\",\"item\":\"https:\/\/www.opes-solutions.com\/de\/individualisierung\/\"},{\"@type\":\"ListItem\",\"position\":3,\"name\":\"Angepasstes Montagessystem\"}]},{\"@type\":\"WebSite\",\"@id\":\"https:\/\/www.opes-solutions.com\/#website\",\"url\":\"https:\/\/www.opes-solutions.com\/\",\"name\":\"OPES Solutions\",\"description\":\"\",\"potentialAction\":[{\"@type\":\"SearchAction\",\"target\":{\"@type\":\"EntryPoint\",\"urlTemplate\":\"https:\/\/www.opes-solutions.com\/?s={search_term_string}\"},\"query-input\":{\"@type\":\"PropertyValueSpecification\",\"valueRequired\":true,\"valueName\":\"search_term_string\"}}],\"inLanguage\":\"de\"}]}<\/script>\n<!-- \/ Yoast SEO plugin. -->","yoast_head_json":{"title":"Angepasstes Montagessystem | OPES Solutions","robots":{"index":"index","follow":"follow","max-snippet":"max-snippet:-1","max-image-preview":"max-image-preview:large","max-video-preview":"max-video-preview:-1"},"canonical":"https:\/\/www.opes-solutions.com\/de\/individualisierung\/angepasstes-montagessystem\/","og_locale":"de_DE","og_type":"article","og_title":"Angepasstes Montagessystem | OPES Solutions","og_description":"&nbsp; LORENTZ Technology nutzt die Kraft der Sonne, um Wasser zu pumpen und damit das Leben von Millionen von Menschen, ihr Vieh und ihre Ernten zu erhalten und zu verbessern. smartTAP-Wasserspender sind sehr einfach zu bedienen, was zu einer nahezu sofortigen Akzeptanz beim Anwender f\u00fchrt. Das grafische Display verwendet Symbole anstelle von Worten und h\u00e4lt [&hellip;]","og_url":"https:\/\/www.opes-solutions.com\/de\/individualisierung\/angepasstes-montagessystem\/","og_site_name":"OPES Solutions","article_modified_time":"2021-04-16T13:44:40+00:00","twitter_card":"summary_large_image","twitter_misc":{"Gesch\u00e4tzte Lesezeit":"1\u00a0Minute"},"schema":{"@context":"https:\/\/schema.org","@graph":[{"@type":"WebPage","@id":"https:\/\/www.opes-solutions.com\/de\/individualisierung\/angepasstes-montagessystem\/","url":"https:\/\/www.opes-solutions.com\/de\/individualisierung\/angepasstes-montagessystem\/","name":"Angepasstes Montagessystem | OPES Solutions","isPartOf":{"@id":"https:\/\/www.opes-solutions.com\/#website"},"datePublished":"2020-10-26T11:29:19+00:00","dateModified":"2021-04-16T13:44:40+00:00","breadcrumb":{"@id":"https:\/\/www.opes-solutions.com\/de\/individualisierung\/angepasstes-montagessystem\/#breadcrumb"},"inLanguage":"de","potentialAction":[{"@type":"ReadAction","target":["https:\/\/www.opes-solutions.com\/de\/individualisierung\/angepasstes-montagessystem\/"]}]},{"@type":"BreadcrumbList","@id":"https:\/\/www.opes-solutions.com\/de\/individualisierung\/angepasstes-montagessystem\/#breadcrumb","itemListElement":[{"@type":"ListItem","position":1,"name":"Home","item":"https:\/\/www.opes-solutions.com\/de\/"},{"@type":"ListItem","position":2,"name":"Individualisierung","item":"https:\/\/www.opes-solutions.com\/de\/individualisierung\/"},{"@type":"ListItem","position":3,"name":"Angepasstes Montagessystem"}]},{"@type":"WebSite","@id":"https:\/\/www.opes-solutions.com\/#website","url":"https:\/\/www.opes-solutions.com\/","name":"OPES Solutions","description":"","potentialAction":[{"@type":"SearchAction","target":{"@type":"EntryPoint","urlTemplate":"https:\/\/www.opes-solutions.com\/?s={search_term_string}"},"query-input":{"@type":"PropertyValueSpecification","valueRequired":true,"valueName":"search_term_string"}}],"inLanguage":"de"}]}},"_links":{"self":[{"href":"https:\/\/www.opes-solutions.com\/de\/wp-json\/wp\/v2\/pages\/2551","targetHints":{"allow":["GET"]}}],"collection":[{"href":"https:\/\/www.opes-solutions.com\/de\/wp-json\/wp\/v2\/pages"}],"about":[{"href":"https:\/\/www.opes-solutions.com\/de\/wp-json\/wp\/v2\/types\/page"}],"author":[{"embeddable":true,"href":"https:\/\/www.opes-solutions.com\/de\/wp-json\/wp\/v2\/users\/3"}],"replies":[{"embeddable":true,"href":"https:\/\/www.opes-solutions.com\/de\/wp-json\/wp\/v2\/comments?post=2551"}],"version-history":[{"count":29,"href":"https:\/\/www.opes-solutions.com\/de\/wp-json\/wp\/v2\/pages\/2551\/revisions"}],"predecessor-version":[{"id":3299,"href":"https:\/\/www.opes-solutions.com\/de\/wp-json\/wp\/v2\/pages\/2551\/revisions\/3299"}],"up":[{"embeddable":true,"href":"https:\/\/www.opes-solutions.com\/de\/wp-json\/wp\/v2\/pages\/2224"}],"wp:attachment":[{"href":"https:\/\/www.opes-solutions.com\/de\/wp-json\/wp\/v2\/media?parent=2551"}],"curies":[{"name":"wp","href":"https:\/\/api.w.org\/{rel}","templated":true}]}}