{"id":5291,"date":"2023-11-02T16:35:21","date_gmt":"2023-11-02T15:35:21","guid":{"rendered":"https:\/\/www.opes-solutions.com\/career\/"},"modified":"2024-12-11T15:05:09","modified_gmt":"2024-12-11T14:05:09","slug":"karriere","status":"publish","type":"page","link":"https:\/\/www.opes-solutions.com\/de\/karriere\/","title":{"rendered":"Karriere"},"content":{"rendered":"<div id=\"pl-5291\"  class=\"panel-layout\" ><div id=\"pg-5291-0\"  class=\"panel-grid panel-has-style\" ><div class=\"siteorigin-panels-stretch panel-row-style panel-row-style-for-5291-0\" data-stretch-type=\"full\" ><div id=\"pgc-5291-0-0\"  class=\"panel-grid-cell\" ><div id=\"panel-5291-0-0-0\" class=\"so-panel widget_sow-editor panel-first-child panel-last-child\" data-index=\"0\" ><div\n\t\t\t\n\t\t\tclass=\"so-widget-sow-editor so-widget-sow-editor-base\"\n\t\t\t\n\t\t>\n<div class=\"siteorigin-widget-tinymce textwidget\">\n\t<h2 class=\"uk-text-primary\" style=\"text-align: center;\"><strong>Wir sind OPES Solutions<\/strong><\/h2>\n<p class=\"uk-h3\" style=\"text-align: center;\">Ein kreatives und ehrgeiziges Team, das danach strebt, die Grenzen der Solartechnologie zu erweitern, um sie zu etwas allt\u00e4glichen zu machen, wie einen Sonnenaufgang.<\/p>\n<\/div>\n<\/div><\/div><\/div><\/div><\/div><div id=\"pg-5291-1\"  class=\"panel-grid panel-has-style\" ><div class=\"uk-background-muted siteorigin-panels-stretch panel-row-style panel-row-style-for-5291-1\" data-stretch-type=\"full-width-stretch\" ><div id=\"pgc-5291-1-0\"  class=\"panel-grid-cell panel-grid-cell-empty\" ><div class=\"panel-cell-style panel-cell-style-for-5291-1-0\" ><\/div><\/div><div id=\"pgc-5291-1-1\"  class=\"panel-grid-cell\" ><div id=\"panel-5291-1-1-0\" class=\"so-panel widget_sow-editor panel-first-child panel-last-child\" data-index=\"1\" ><div class=\"uk-padding-large panel-widget-style panel-widget-style-for-5291-1-1-0\" ><div\n\t\t\t\n\t\t\tclass=\"so-widget-sow-editor so-widget-sow-editor-base\"\n\t\t\t\n\t\t>\n<div class=\"siteorigin-widget-tinymce textwidget\">\n\t<p>&nbsp;<\/p>\n<p>Wir erschlie\u00dfen das volle Potenzial der Solarenergie: Strom genau dort erzeugen, wo er ben\u00f6tigt wird.<\/p>\n<p>Wir befreien unz\u00e4hlige Ger\u00e4te und Fahrzeuge von herk\u00f6mmlichen Energiequellen. Von Solar-Home Systemen \u00fcber GPS-Tracker, Stra\u00dfenlaternen oder Parkautomaten bis hin zu Lastwagen und Wohnmobilen - immer mehr Anwendungen werden unabh\u00e4ngig vom Stromnetz oder laden ihre Batterien mit erneuerbarer Energie.<\/p>\n<p>&nbsp;<\/p>\n<\/div>\n<\/div><\/div><\/div><\/div><\/div><\/div><div id=\"pg-5291-2\"  class=\"panel-grid panel-has-style\" ><div class=\"uk-background-muted siteorigin-panels-stretch panel-row-style panel-row-style-for-5291-2\" data-stretch-type=\"full-width-stretch\" ><div id=\"pgc-5291-2-0\"  class=\"panel-grid-cell panel-grid-cell-mobile-last\" ><div id=\"panel-5291-2-0-0\" class=\"so-panel widget_sow-editor panel-first-child panel-last-child\" data-index=\"2\" ><div class=\"uk-padding-large panel-widget-style panel-widget-style-for-5291-2-0-0\" ><div\n\t\t\t\n\t\t\tclass=\"so-widget-sow-editor so-widget-sow-editor-base\"\n\t\t\t\n\t\t>\n<div class=\"siteorigin-widget-tinymce textwidget\">\n\t<p>&nbsp;<\/p>\n<p>Als Pionier auf dem Markt f\u00fcr netzunabh\u00e4ngige Solarenergie streben wir st\u00e4ndig danach, die Technologie weiterzuentwickeln. Mit OPES Solar Mobility konzentrieren wir uns seit 2023 auf die Automobilindustrie um Fahrzeuge effizienter und umweltfreundlicher zu machen. OPES Solutions widmet sich weiterhin der Integration von Solarmodulen in vielf\u00e4ltige Anwendungen.<\/p>\n<p>Jeder Schritt in Richtung erneuerbare Energie bedeutet Unabh\u00e4ngigkeit, Kosteneinsparungen und einen ges\u00fcnderen Planeten. Wir sind fest davon \u00fcberzeugt, dass Solarmodule \u00fcberall im t\u00e4glichen Leben f\u00fcr f\u00fcr alle m\u00f6glichen Zwecke zug\u00e4nglich sein sollten. Diese \u00dcberzeugung treibt uns an.<\/p>\n<p>&nbsp;<\/p>\n<\/div>\n<\/div><\/div><\/div><\/div><div id=\"pgc-5291-2-1\"  class=\"panel-grid-cell panel-grid-cell-empty\" ><div class=\"panel-cell-style panel-cell-style-for-5291-2-1\" ><\/div><\/div><\/div><\/div><div id=\"pg-5291-3\"  class=\"panel-grid panel-has-style\" ><div class=\"siteorigin-panels-stretch panel-row-style panel-row-style-for-5291-3\" data-stretch-type=\"full\" ><div id=\"pgc-5291-3-0\"  class=\"panel-grid-cell\" ><div id=\"panel-5291-3-0-0\" class=\"so-panel widget_sow-editor panel-first-child panel-last-child\" data-index=\"3\" ><div\n\t\t\t\n\t\t\tclass=\"so-widget-sow-editor so-widget-sow-editor-base\"\n\t\t\t\n\t\t>\n<div class=\"siteorigin-widget-tinymce textwidget\">\n\t<h2 class=\"uk-h1\"><span class=\"uk-text-primary\"><strong>Was du<\/strong><\/span><br \/>\nerwarten kannSt<\/h2>\n<ul>\n<li>Einen Job in einer Zukunftsbranche<\/li>\n<li>Vielf\u00e4ltige, anspruchsvolle Aufgaben und eigenst\u00e4ndige Arbeiten<\/li>\n<li>Ein herzliches und hochmotiviertes Team<\/li>\n<li>Positive, internationale Unternehmenskultur mit flachen Hierarchien<\/li>\n<li>Attraktives Gehalt (inkl. 13. Gehalt)<\/li>\n<li>30 Urlaubstage<\/li>\n<li>Mobilit\u00e4tspaket (Jobrad-Leasing)<\/li>\n<li>Familienorientierte Vorteile<\/li>\n<\/ul>\n<\/div>\n<\/div><\/div><\/div><div id=\"pgc-5291-3-1\"  class=\"panel-grid-cell\" ><div id=\"panel-5291-3-1-0\" class=\"so-panel widget_sow-image panel-first-child panel-last-child\" data-index=\"4\" ><div\n\t\t\t\n\t\t\tclass=\"so-widget-sow-image so-widget-sow-image-default-c67d20f9f743-5291\"\n\t\t\t\n\t\t>\n<div class=\"sow-image-container\">\n\t\t<img \n\tsrc=\"https:\/\/www.opes-solutions.com\/wp-content\/uploads\/2023\/11\/Frank-Cenntro.jpg\" width=\"400\" height=\"400\" srcset=\"https:\/\/www.opes-solutions.com\/wp-content\/uploads\/2023\/11\/Frank-Cenntro.jpg 452w, https:\/\/www.opes-solutions.com\/wp-content\/uploads\/2023\/11\/Frank-Cenntro-400x400.jpg 400w, https:\/\/www.opes-solutions.com\/wp-content\/uploads\/2023\/11\/Frank-Cenntro-150x150.jpg 150w, https:\/\/www.opes-solutions.com\/wp-content\/uploads\/2023\/11\/Frank-Cenntro-151x151.jpg 151w, https:\/\/www.opes-solutions.com\/wp-content\/uploads\/2023\/11\/Frank-Cenntro-200x200.jpg 200w\" sizes=\"(max-width: 400px) 100vw, 400px\" title=\"Frank Cenntro\" alt=\"\" \t\tclass=\"so-widget-image\"\/>\n\t<\/div>\n\n<\/div><\/div><\/div><\/div><\/div><div id=\"pg-5291-4\"  class=\"panel-grid panel-has-style\" ><div class=\"uk-background-muted uk-padding-large siteorigin-panels-stretch panel-row-style panel-row-style-for-5291-4\" data-stretch-type=\"full\" ><div id=\"pgc-5291-4-0\"  class=\"panel-grid-cell\" ><div id=\"panel-5291-4-0-0\" class=\"so-panel widget_sow-editor panel-first-child panel-last-child\" data-index=\"5\" ><div class=\"panel-widget-style panel-widget-style-for-5291-4-0-0\" ><div\n\t\t\t\n\t\t\tclass=\"so-widget-sow-editor so-widget-sow-editor-base\"\n\t\t\t\n\t\t>\n<div class=\"siteorigin-widget-tinymce textwidget\">\n\t<h3 class=\"uk-h1 uk-text-muted\" style=\"text-align: center;\"><strong>Werde Teil unseres Teams<\/strong><\/h3>\n<p class=\"uk-h3\" style=\"text-align: center;\">Werde Teil der Energiewende in einem schnell wachsendem Unternehmen, das Zusammenarbeit und pers\u00f6nliche Weiterentwicklung sch\u00e4tzt. Wenn du ein engagierter, kreativer Kopf bist, laden wir dich ein, Mitglied unseres dynamischen Teams zu werden. Deine Ideen z\u00e4hlen, und du kannst eine wichtige Rolle bei der Gestaltung der Unternehmensrichtung spielen.<\/p>\n<p>&nbsp;<\/p>\n<p style=\"text-align: center;\"><a class=\"uk-button uk-button-primary uk-button-default\" href=\"https:\/\/opes-solar-mobility.jobs.personio.de\" target=\"_blank\" rel=\"noopener\">ZU DEN STELLEN<\/a><\/p>\n<p style=\"text-align: center;\">\n<\/div>\n<\/div><\/div><\/div><\/div><\/div><\/div><\/div>","protected":false},"excerpt":{"rendered":"<p>Wir sind OPES Solutions Ein kreatives und ehrgeiziges Team, das danach strebt, die Grenzen der Solartechnologie zu erweitern, um sie zu etwas allt\u00e4glichen zu machen, wie einen Sonnenaufgang. &nbsp; Wir erschlie\u00dfen das volle Potenzial der Solarenergie: Strom genau dort erzeugen, wo er ben\u00f6tigt wird. Wir befreien unz\u00e4hlige Ger\u00e4te und Fahrzeuge von herk\u00f6mmlichen Energiequellen. Von Solar-Home [&hellip;]<\/p>\n","protected":false},"author":3,"featured_media":0,"parent":0,"menu_order":0,"comment_status":"closed","ping_status":"closed","template":"","meta":{"_acf_changed":false,"footnotes":""},"class_list":["post-5291","page","type-page","status-publish","hentry"],"acf":[],"yoast_head":"<!-- This site is optimized with the Yoast SEO plugin v25.2 - https:\/\/yoast.com\/wordpress\/plugins\/seo\/ -->\n<title>Karriere | OPES Solutions<\/title>\n<meta name=\"description\" content=\"Wir stellen ein. Werde Teil der Solarbranche und befreie mit uns Ger\u00e4te und Fahrzeuge von herk\u00f6mmlichen Energiequellen.\" \/>\n<meta name=\"robots\" content=\"index, follow, max-snippet:-1, max-image-preview:large, max-video-preview:-1\" \/>\n<link rel=\"canonical\" href=\"https:\/\/www.opes-solutions.com\/de\/karriere\/\" \/>\n<meta property=\"og:locale\" content=\"de_DE\" \/>\n<meta property=\"og:type\" content=\"article\" \/>\n<meta property=\"og:title\" content=\"Karriere | OPES Solutions\" \/>\n<meta property=\"og:description\" content=\"Wir stellen ein. Werde Teil der Solarbranche und befreie mit uns Ger\u00e4te und Fahrzeuge von herk\u00f6mmlichen Energiequellen.\" \/>\n<meta property=\"og:url\" content=\"https:\/\/www.opes-solutions.com\/de\/karriere\/\" \/>\n<meta property=\"og:site_name\" content=\"OPES Solutions\" \/>\n<meta property=\"article:modified_time\" content=\"2024-12-11T14:05:09+00:00\" \/>\n<meta name=\"twitter:card\" content=\"summary_large_image\" \/>\n<meta name=\"twitter:label1\" content=\"Gesch\u00e4tzte Lesezeit\" \/>\n\t<meta name=\"twitter:data1\" content=\"2\u00a0Minuten\" \/>\n<script type=\"application\/ld+json\" class=\"yoast-schema-graph\">{\"@context\":\"https:\/\/schema.org\",\"@graph\":[{\"@type\":\"WebPage\",\"@id\":\"https:\/\/www.opes-solutions.com\/de\/karriere\/\",\"url\":\"https:\/\/www.opes-solutions.com\/de\/karriere\/\",\"name\":\"Karriere | OPES Solutions\",\"isPartOf\":{\"@id\":\"https:\/\/www.opes-solutions.com\/#website\"},\"datePublished\":\"2023-11-02T15:35:21+00:00\",\"dateModified\":\"2024-12-11T14:05:09+00:00\",\"description\":\"Wir stellen ein. Werde Teil der Solarbranche und befreie mit uns Ger\u00e4te und Fahrzeuge von herk\u00f6mmlichen Energiequellen.\",\"breadcrumb\":{\"@id\":\"https:\/\/www.opes-solutions.com\/de\/karriere\/#breadcrumb\"},\"inLanguage\":\"de\",\"potentialAction\":[{\"@type\":\"ReadAction\",\"target\":[\"https:\/\/www.opes-solutions.com\/de\/karriere\/\"]}]},{\"@type\":\"BreadcrumbList\",\"@id\":\"https:\/\/www.opes-solutions.com\/de\/karriere\/#breadcrumb\",\"itemListElement\":[{\"@type\":\"ListItem\",\"position\":1,\"name\":\"Home\",\"item\":\"https:\/\/www.opes-solutions.com\/de\/\"},{\"@type\":\"ListItem\",\"position\":2,\"name\":\"Karriere\"}]},{\"@type\":\"WebSite\",\"@id\":\"https:\/\/www.opes-solutions.com\/#website\",\"url\":\"https:\/\/www.opes-solutions.com\/\",\"name\":\"OPES Solutions\",\"description\":\"\",\"potentialAction\":[{\"@type\":\"SearchAction\",\"target\":{\"@type\":\"EntryPoint\",\"urlTemplate\":\"https:\/\/www.opes-solutions.com\/?s={search_term_string}\"},\"query-input\":{\"@type\":\"PropertyValueSpecification\",\"valueRequired\":true,\"valueName\":\"search_term_string\"}}],\"inLanguage\":\"de\"}]}<\/script>\n<!-- \/ Yoast SEO plugin. -->","yoast_head_json":{"title":"Karriere | OPES Solutions","description":"Wir stellen ein. Werde Teil der Solarbranche und befreie mit uns Ger\u00e4te und Fahrzeuge von herk\u00f6mmlichen Energiequellen.","robots":{"index":"index","follow":"follow","max-snippet":"max-snippet:-1","max-image-preview":"max-image-preview:large","max-video-preview":"max-video-preview:-1"},"canonical":"https:\/\/www.opes-solutions.com\/de\/karriere\/","og_locale":"de_DE","og_type":"article","og_title":"Karriere | OPES Solutions","og_description":"Wir stellen ein. Werde Teil der Solarbranche und befreie mit uns Ger\u00e4te und Fahrzeuge von herk\u00f6mmlichen Energiequellen.","og_url":"https:\/\/www.opes-solutions.com\/de\/karriere\/","og_site_name":"OPES Solutions","article_modified_time":"2024-12-11T14:05:09+00:00","twitter_card":"summary_large_image","twitter_misc":{"Gesch\u00e4tzte Lesezeit":"2\u00a0Minuten"},"schema":{"@context":"https:\/\/schema.org","@graph":[{"@type":"WebPage","@id":"https:\/\/www.opes-solutions.com\/de\/karriere\/","url":"https:\/\/www.opes-solutions.com\/de\/karriere\/","name":"Karriere | OPES Solutions","isPartOf":{"@id":"https:\/\/www.opes-solutions.com\/#website"},"datePublished":"2023-11-02T15:35:21+00:00","dateModified":"2024-12-11T14:05:09+00:00","description":"Wir stellen ein. Werde Teil der Solarbranche und befreie mit uns Ger\u00e4te und Fahrzeuge von herk\u00f6mmlichen Energiequellen.","breadcrumb":{"@id":"https:\/\/www.opes-solutions.com\/de\/karriere\/#breadcrumb"},"inLanguage":"de","potentialAction":[{"@type":"ReadAction","target":["https:\/\/www.opes-solutions.com\/de\/karriere\/"]}]},{"@type":"BreadcrumbList","@id":"https:\/\/www.opes-solutions.com\/de\/karriere\/#breadcrumb","itemListElement":[{"@type":"ListItem","position":1,"name":"Home","item":"https:\/\/www.opes-solutions.com\/de\/"},{"@type":"ListItem","position":2,"name":"Karriere"}]},{"@type":"WebSite","@id":"https:\/\/www.opes-solutions.com\/#website","url":"https:\/\/www.opes-solutions.com\/","name":"OPES Solutions","description":"","potentialAction":[{"@type":"SearchAction","target":{"@type":"EntryPoint","urlTemplate":"https:\/\/www.opes-solutions.com\/?s={search_term_string}"},"query-input":{"@type":"PropertyValueSpecification","valueRequired":true,"valueName":"search_term_string"}}],"inLanguage":"de"}]}},"_links":{"self":[{"href":"https:\/\/www.opes-solutions.com\/de\/wp-json\/wp\/v2\/pages\/5291","targetHints":{"allow":["GET"]}}],"collection":[{"href":"https:\/\/www.opes-solutions.com\/de\/wp-json\/wp\/v2\/pages"}],"about":[{"href":"https:\/\/www.opes-solutions.com\/de\/wp-json\/wp\/v2\/types\/page"}],"author":[{"embeddable":true,"href":"https:\/\/www.opes-solutions.com\/de\/wp-json\/wp\/v2\/users\/3"}],"replies":[{"embeddable":true,"href":"https:\/\/www.opes-solutions.com\/de\/wp-json\/wp\/v2\/comments?post=5291"}],"version-history":[{"count":32,"href":"https:\/\/www.opes-solutions.com\/de\/wp-json\/wp\/v2\/pages\/5291\/revisions"}],"predecessor-version":[{"id":5497,"href":"https:\/\/www.opes-solutions.com\/de\/wp-json\/wp\/v2\/pages\/5291\/revisions\/5497"}],"wp:attachment":[{"href":"https:\/\/www.opes-solutions.com\/de\/wp-json\/wp\/v2\/media?parent=5291"}],"curies":[{"name":"wp","href":"https:\/\/api.w.org\/{rel}","templated":true}]}}